{"id":59,"date":"2020-05-13T11:35:08","date_gmt":"2020-05-13T09:35:08","guid":{"rendered":"http:\/\/dev.nordicbridal.com\/?page_id=59"},"modified":"2022-04-06T12:36:15","modified_gmt":"2022-04-06T10:36:15","slug":"trade-shows","status":"publish","type":"page","link":"https:\/\/www.nordicbridal.com\/da\/trade-shows\/","title":{"rendered":"Messer"},"content":{"rendered":"<div class=\"g g-2\"><div class=\"g-dyn a-11 c-1\"><a class=\"gofollow\" data-track=\"MTEsMiw2MA==\" href=\"https:\/\/www.treschicbridalwear.com\/\"><img decoding=\"async\" src=\"https:\/\/www.nordicbridal.com\/wp-content\/uploads\/2026\/02\/TCBanner_February2026-scaled.jpg\" \/><\/a><\/div><div class=\"g-dyn a-25 c-2\"><a class=\"gofollow\" data-track=\"MjUsMiw2MA==\" href=\"https:\/\/dianelegrandbridal.com\/\"><img decoding=\"async\" src=\"https:\/\/www.nordicbridal.com\/wp-content\/uploads\/2026\/03\/Unknown.gif\" \/><\/a><\/div><div class=\"g-dyn a-12 c-3\"><a class=\"gofollow\" data-track=\"MTIsMiw2MA==\" href=\"https:\/\/monicaloretti.com\"><img decoding=\"async\" src=\"https:\/\/www.nordicbridal.com\/wp-content\/uploads\/2026\/02\/Monica-Loretti_NB_1800x360.png\" \/><\/a><\/div><div class=\"g-dyn a-18 c-4\"><a class=\"gofollow\" data-track=\"MTgsMiw2MA==\" href=\"https:\/\/globalbridalhouse.com\/nl\/\"><img decoding=\"async\" src=\"https:\/\/www.nordicbridal.com\/wp-content\/uploads\/2026\/03\/B2B-Banner-GBH-0326.jpg\" \/><\/a><\/div><div class=\"g-dyn a-26 c-5\"><a class=\"gofollow\" data-track=\"MjYsMiw2MA==\" href=\"https:\/\/azureebridal.com\/\"><img decoding=\"async\" src=\"https:\/\/www.nordicbridal.com\/wp-content\/uploads\/2026\/03\/banner_azuree-2027-kollektion.jpg\" \/><\/a><\/div><div class=\"g-dyn a-24 c-6\"><a class=\"gofollow\" data-track=\"MjQsMiw2MA==\" href=\"https:\/\/www.demetrios.com\/en\/become-a-retailer \"><img decoding=\"async\" src=\"https:\/\/www.nordicbridal.com\/wp-content\/uploads\/2026\/04\/Demetrios-Banner_corrected.jpg\" \/><\/a><\/div><div class=\"g-dyn a-29 c-7\"><a class=\"gofollow\" data-track=\"MjksMiw2MA==\" href=\"https:\/\/milanbride.dk\/\"><img decoding=\"async\" src=\"https:\/\/www.nordicbridal.com\/wp-content\/uploads\/2026\/03\/banner_milan-3.jpg\" \/><\/a><\/div><div class=\"g-dyn a-27 c-8\"><a class=\"gofollow\" data-track=\"MjcsMiw2MA==\" href=\"https:\/\/www.hilarymorgan.com\/\"><img decoding=\"async\" src=\"https:\/\/www.nordicbridal.com\/wp-content\/uploads\/2026\/03\/banner_HM_2026.jpg\" \/><\/a><\/div><div class=\"g-dyn a-4 c-9\"><a class=\"gofollow\" data-track=\"NCwyLDYw\" href=\"https:\/\/www.justinalexander.com\"><img decoding=\"async\" src=\"https:\/\/www.nordicbridal.com\/wp-content\/uploads\/2026\/03\/justin-alexander-banner.png\" \/><\/a><\/div><\/div>\n\n\n\n<p><\/p>\n\n\n<ul class=\"wp-block-latest-posts__list is-grid columns-3 has-dates wp-block-latest-posts\"><li><div class=\"wp-block-latest-posts__featured-image aligncenter\"><img loading=\"lazy\" decoding=\"async\" width=\"990\" height=\"645\" src=\"https:\/\/www.nordicbridal.com\/wp-content\/uploads\/2026\/04\/weB_1567_2-teaser-1024x667.jpg\" class=\"attachment-large size-large wp-post-image\" alt=\"Style 1567 - Demetrios Collection\" style=\"\" srcset=\"https:\/\/www.nordicbridal.com\/wp-content\/uploads\/2026\/04\/weB_1567_2-teaser-1024x667.jpg 1024w, https:\/\/www.nordicbridal.com\/wp-content\/uploads\/2026\/04\/weB_1567_2-teaser-300x195.jpg 300w, https:\/\/www.nordicbridal.com\/wp-content\/uploads\/2026\/04\/weB_1567_2-teaser-768x500.jpg 768w, https:\/\/www.nordicbridal.com\/wp-content\/uploads\/2026\/04\/weB_1567_2-teaser-1536x1000.jpg 1536w, https:\/\/www.nordicbridal.com\/wp-content\/uploads\/2026\/04\/weB_1567_2-teaser.jpg 1920w\" sizes=\"auto, (max-width: 990px) 100vw, 990px\" \/><\/div><a class=\"wp-block-latest-posts__post-title\" href=\"https:\/\/www.nordicbridal.com\/da\/demetrios-unveils-2027-collections\/\">Demetrios pr\u00e6senterer kollektionerne for 2027<\/a><time datetime=\"\" class=\"wp-block-latest-posts__post-date\"><\/time><div class=\"wp-block-latest-posts__post-excerpt\">En fortsat markering af 45 \u00e5r med brudemode i s\u00e6rklasse &hellip; <a href=\"https:\/\/www.nordicbridal.com\/da\/demetrios-unveils-2027-collections\/\" class=\"more-link\"><span class=\"more-button\">L\u00e4s Mer<span class=\"screen-reader-text\">Demetrios pr\u00e6senterer kollektionerne for 2027<\/span><\/span><\/a><\/div><\/li>\n<li><div class=\"wp-block-latest-posts__featured-image aligncenter\"><img loading=\"lazy\" decoding=\"async\" width=\"990\" height=\"645\" src=\"https:\/\/www.nordicbridal.com\/wp-content\/uploads\/2024\/03\/web_229A7479-1024x667.jpg\" class=\"attachment-large size-large wp-post-image\" alt=\"Milan 2027\" style=\"\" srcset=\"https:\/\/www.nordicbridal.com\/wp-content\/uploads\/2024\/03\/web_229A7479-1024x667.jpg 1024w, https:\/\/www.nordicbridal.com\/wp-content\/uploads\/2024\/03\/web_229A7479-300x195.jpg 300w, https:\/\/www.nordicbridal.com\/wp-content\/uploads\/2024\/03\/web_229A7479-768x500.jpg 768w, https:\/\/www.nordicbridal.com\/wp-content\/uploads\/2024\/03\/web_229A7479-1536x1000.jpg 1536w, https:\/\/www.nordicbridal.com\/wp-content\/uploads\/2024\/03\/web_229A7479.jpg 1920w\" sizes=\"auto, (max-width: 990px) 100vw, 990px\" \/><\/div><a class=\"wp-block-latest-posts__post-title\" href=\"https:\/\/www.nordicbridal.com\/da\/milan-2027-en-ny-aera-inden-for-moderne-brudedesign\/\">Milan 2027 \u2013 En ny \u00e6ra inden for moderne brudedesign<\/a><time datetime=\"\" class=\"wp-block-latest-posts__post-date\"><\/time><div class=\"wp-block-latest-posts__post-excerpt\">The collections will be presented for the first time at the international trade shows in Essen and Barcelona &hellip; <a href=\"https:\/\/www.nordicbridal.com\/da\/milan-2027-en-ny-aera-inden-for-moderne-brudedesign\/\" class=\"more-link\"><span class=\"more-button\">L\u00e4s Mer<span class=\"screen-reader-text\">Milan 2027 \u2013 En ny \u00e6ra inden for moderne brudedesign<\/span><\/span><\/a><\/div><\/li>\n<li><div class=\"wp-block-latest-posts__featured-image aligncenter\"><img loading=\"lazy\" decoding=\"async\" width=\"990\" height=\"645\" src=\"https:\/\/www.nordicbridal.com\/wp-content\/uploads\/2026\/03\/teaser_Faye-Azuree-Bridal-Close-1024x667.jpg\" class=\"attachment-large size-large wp-post-image\" alt=\"Faye - Azuree Bridal 2027 collection\" style=\"\" srcset=\"https:\/\/www.nordicbridal.com\/wp-content\/uploads\/2026\/03\/teaser_Faye-Azuree-Bridal-Close-1024x667.jpg 1024w, https:\/\/www.nordicbridal.com\/wp-content\/uploads\/2026\/03\/teaser_Faye-Azuree-Bridal-Close-300x195.jpg 300w, https:\/\/www.nordicbridal.com\/wp-content\/uploads\/2026\/03\/teaser_Faye-Azuree-Bridal-Close-768x500.jpg 768w, https:\/\/www.nordicbridal.com\/wp-content\/uploads\/2026\/03\/teaser_Faye-Azuree-Bridal-Close-1536x1000.jpg 1536w, https:\/\/www.nordicbridal.com\/wp-content\/uploads\/2026\/03\/teaser_Faye-Azuree-Bridal-Close.jpg 1920w\" sizes=\"auto, (max-width: 990px) 100vw, 990px\" \/><\/div><a class=\"wp-block-latest-posts__post-title\" href=\"https:\/\/www.nordicbridal.com\/da\/one-year-of-azuree-bridal\/\">\u00c9t \u00e5r med Azuree Bridal<\/a><time datetime=\"\" class=\"wp-block-latest-posts__post-date\"><\/time><div class=\"wp-block-latest-posts__post-excerpt\">Olaf Van den Brink om v\u00e6kst, familie og opbygningen af et moderne brudebrand med hjerte &hellip; <a href=\"https:\/\/www.nordicbridal.com\/da\/one-year-of-azuree-bridal\/\" class=\"more-link\"><span class=\"more-button\">L\u00e4s Mer<span class=\"screen-reader-text\">\u00c9t \u00e5r med Azuree Bridal<\/span><\/span><\/a><\/div><\/li>\n<li><div class=\"wp-block-latest-posts__featured-image aligncenter\"><img loading=\"lazy\" decoding=\"async\" width=\"990\" height=\"645\" src=\"https:\/\/www.nordicbridal.com\/wp-content\/uploads\/2026\/03\/Modeca-Magical-collection_landscape-image-1024x667.jpg\" class=\"attachment-large size-large wp-post-image\" alt=\"Modeca - Magical collection_landscape image\" style=\"\" srcset=\"https:\/\/www.nordicbridal.com\/wp-content\/uploads\/2026\/03\/Modeca-Magical-collection_landscape-image-1024x667.jpg 1024w, https:\/\/www.nordicbridal.com\/wp-content\/uploads\/2026\/03\/Modeca-Magical-collection_landscape-image-300x195.jpg 300w, https:\/\/www.nordicbridal.com\/wp-content\/uploads\/2026\/03\/Modeca-Magical-collection_landscape-image-768x500.jpg 768w, https:\/\/www.nordicbridal.com\/wp-content\/uploads\/2026\/03\/Modeca-Magical-collection_landscape-image-1536x1000.jpg 1536w, https:\/\/www.nordicbridal.com\/wp-content\/uploads\/2026\/03\/Modeca-Magical-collection_landscape-image.jpg 1920w\" sizes=\"auto, (max-width: 990px) 100vw, 990px\" \/><\/div><a class=\"wp-block-latest-posts__post-title\" href=\"https:\/\/www.nordicbridal.com\/da\/global-bridal-house-unveils-2027-collections\/\">Global Bridal House lancerer 2027-kollektionerne:<\/a><time datetime=\"\" class=\"wp-block-latest-posts__post-date\"><\/time><div class=\"wp-block-latest-posts__post-excerpt\">Tidl\u00f8s elegance, moderne romantik og uforglemmelig stil &hellip; <a href=\"https:\/\/www.nordicbridal.com\/da\/global-bridal-house-unveils-2027-collections\/\" class=\"more-link\"><span class=\"more-button\">L\u00e4s Mer<span class=\"screen-reader-text\">Global Bridal House lancerer 2027-kollektionerne:<\/span><\/span><\/a><\/div><\/li>\n<li><div class=\"wp-block-latest-posts__featured-image aligncenter\"><img loading=\"lazy\" decoding=\"async\" width=\"990\" height=\"645\" src=\"https:\/\/www.nordicbridal.com\/wp-content\/uploads\/2026\/03\/EBW-2025-Fashion-Show-07-1024x667.jpg\" class=\"attachment-large size-large wp-post-image\" alt=\"\" style=\"\" srcset=\"https:\/\/www.nordicbridal.com\/wp-content\/uploads\/2026\/03\/EBW-2025-Fashion-Show-07-1024x667.jpg 1024w, https:\/\/www.nordicbridal.com\/wp-content\/uploads\/2026\/03\/EBW-2025-Fashion-Show-07-300x195.jpg 300w, https:\/\/www.nordicbridal.com\/wp-content\/uploads\/2026\/03\/EBW-2025-Fashion-Show-07-768x500.jpg 768w, https:\/\/www.nordicbridal.com\/wp-content\/uploads\/2026\/03\/EBW-2025-Fashion-Show-07-1536x1000.jpg 1536w, https:\/\/www.nordicbridal.com\/wp-content\/uploads\/2026\/03\/EBW-2025-Fashion-Show-07.jpg 1920w\" sizes=\"auto, (max-width: 990px) 100vw, 990px\" \/><\/div><a class=\"wp-block-latest-posts__post-title\" href=\"https:\/\/www.nordicbridal.com\/da\/european-bridal-week-2026-introduces-a-new-catwalk-experience\/\">European Bridal Week 2026 byder p\u00e5 en ny catwalk-oplevelse<\/a><time datetime=\"\" class=\"wp-block-latest-posts__post-date\"><\/time><div class=\"wp-block-latest-posts__post-excerpt\">European Bridal Week 2026 l\u00f8fter brudemoden til et nyt niveau \u2013 b\u00e5de n\u00e5r det g\u00e6lder kollektioner og pr\u00e6sentation.  &hellip; <a href=\"https:\/\/www.nordicbridal.com\/da\/european-bridal-week-2026-introduces-a-new-catwalk-experience\/\" class=\"more-link\"><span class=\"more-button\">L\u00e4s Mer<span class=\"screen-reader-text\">European Bridal Week 2026 byder p\u00e5 en ny catwalk-oplevelse<\/span><\/span><\/a><\/div><\/li>\n<li><div class=\"wp-block-latest-posts__featured-image aligncenter\"><img loading=\"lazy\" decoding=\"async\" width=\"990\" height=\"645\" src=\"https:\/\/www.nordicbridal.com\/wp-content\/uploads\/2026\/03\/teaser_JAG-1024x667.jpg\" class=\"attachment-large size-large wp-post-image\" alt=\"Justin Alexander group\" style=\"\" srcset=\"https:\/\/www.nordicbridal.com\/wp-content\/uploads\/2026\/03\/teaser_JAG-1024x667.jpg 1024w, https:\/\/www.nordicbridal.com\/wp-content\/uploads\/2026\/03\/teaser_JAG-300x195.jpg 300w, https:\/\/www.nordicbridal.com\/wp-content\/uploads\/2026\/03\/teaser_JAG-768x500.jpg 768w, https:\/\/www.nordicbridal.com\/wp-content\/uploads\/2026\/03\/teaser_JAG-1536x1000.jpg 1536w, https:\/\/www.nordicbridal.com\/wp-content\/uploads\/2026\/03\/teaser_JAG.jpg 1920w\" sizes=\"auto, (max-width: 990px) 100vw, 990px\" \/><\/div><a class=\"wp-block-latest-posts__post-title\" href=\"https:\/\/www.nordicbridal.com\/da\/fall-winter-2026-bridal-trends-from-justin-alexander-group\/\">Brudetrends Efter\u00e5r\/Vinter 2026 fra Justin Alexander Group<\/a><time datetime=\"\" class=\"wp-block-latest-posts__post-date\"><\/time><div class=\"wp-block-latest-posts__post-excerpt\">Justin Alexander Group pr\u00e6senterer et nyt perspektiv p\u00e5 brudemode til den kommende s\u00e6son. &hellip; <a href=\"https:\/\/www.nordicbridal.com\/da\/fall-winter-2026-bridal-trends-from-justin-alexander-group\/\" class=\"more-link\"><span class=\"more-button\">L\u00e4s Mer<span class=\"screen-reader-text\">Brudetrends Efter\u00e5r\/Vinter 2026 fra Justin Alexander Group<\/span><\/span><\/a><\/div><\/li>\n<li><div class=\"wp-block-latest-posts__featured-image aligncenter\"><img loading=\"lazy\" decoding=\"async\" width=\"990\" height=\"660\" src=\"https:\/\/www.nordicbridal.com\/wp-content\/uploads\/2026\/03\/12A8447-Edit-1024x683.jpg\" class=\"attachment-large size-large wp-post-image\" alt=\"Diane Legrand\" style=\"\" srcset=\"https:\/\/www.nordicbridal.com\/wp-content\/uploads\/2026\/03\/12A8447-Edit-1024x683.jpg 1024w, https:\/\/www.nordicbridal.com\/wp-content\/uploads\/2026\/03\/12A8447-Edit-300x200.jpg 300w, https:\/\/www.nordicbridal.com\/wp-content\/uploads\/2026\/03\/12A8447-Edit-768x512.jpg 768w, https:\/\/www.nordicbridal.com\/wp-content\/uploads\/2026\/03\/12A8447-Edit-1536x1025.jpg 1536w, https:\/\/www.nordicbridal.com\/wp-content\/uploads\/2026\/03\/12A8447-Edit.jpg 1920w\" sizes=\"auto, (max-width: 990px) 100vw, 990px\" \/><\/div><a class=\"wp-block-latest-posts__post-title\" href=\"https:\/\/www.nordicbridal.com\/da\/who-is-diane-legrand\/\">Hvem er Diane Legrand?<\/a><time datetime=\"\" class=\"wp-block-latest-posts__post-date\"><\/time><div class=\"wp-block-latest-posts__post-excerpt\">Diane Legrand er mere end blot et brudem\u00e6rke \u2013 det er en familiehistorie drevet af en \u00e6gte passion for brudecouture.  &hellip; <a href=\"https:\/\/www.nordicbridal.com\/da\/who-is-diane-legrand\/\" class=\"more-link\"><span class=\"more-button\">L\u00e4s Mer<span class=\"screen-reader-text\">Hvem er Diane Legrand?<\/span><\/span><\/a><\/div><\/li>\n<li><div class=\"wp-block-latest-posts__featured-image aligncenter\"><img loading=\"lazy\" decoding=\"async\" width=\"990\" height=\"645\" src=\"https:\/\/www.nordicbridal.com\/wp-content\/uploads\/2025\/03\/weB_hilary_teaser_B1033-1024x667.jpg\" class=\"attachment-large size-large wp-post-image\" alt=\"Hilary Morgan\" style=\"\" srcset=\"https:\/\/www.nordicbridal.com\/wp-content\/uploads\/2025\/03\/weB_hilary_teaser_B1033-1024x667.jpg 1024w, https:\/\/www.nordicbridal.com\/wp-content\/uploads\/2025\/03\/weB_hilary_teaser_B1033-300x195.jpg 300w, https:\/\/www.nordicbridal.com\/wp-content\/uploads\/2025\/03\/weB_hilary_teaser_B1033-768x500.jpg 768w, https:\/\/www.nordicbridal.com\/wp-content\/uploads\/2025\/03\/weB_hilary_teaser_B1033-1536x1000.jpg 1536w, https:\/\/www.nordicbridal.com\/wp-content\/uploads\/2025\/03\/weB_hilary_teaser_B1033.jpg 1920w\" sizes=\"auto, (max-width: 990px) 100vw, 990px\" \/><\/div><a class=\"wp-block-latest-posts__post-title\" href=\"https:\/\/www.nordicbridal.com\/da\/hilary-morgan-the-bridal-brand-that-elevates-your-boutique\/\">Hilary Morgan: Brudem\u00e6rket der l\u00f8fter din butik<\/a><time datetime=\"\" class=\"wp-block-latest-posts__post-date\"><\/time><div class=\"wp-block-latest-posts__post-excerpt\">I mere end 30 \u00e5r har Hilary Morgan v\u00e6ret et anerkendt navn inden for brudemode \u2013 kendt for sin tidl\u00f8se stil, elegance og raffinement. &hellip; <a href=\"https:\/\/www.nordicbridal.com\/da\/hilary-morgan-the-bridal-brand-that-elevates-your-boutique\/\" class=\"more-link\"><span class=\"more-button\">L\u00e4s Mer<span class=\"screen-reader-text\">Hilary Morgan: Brudem\u00e6rket der l\u00f8fter din butik<\/span><\/span><\/a><\/div><\/li>\n<li><div class=\"wp-block-latest-posts__featured-image aligncenter\"><img loading=\"lazy\" decoding=\"async\" width=\"990\" height=\"645\" src=\"https:\/\/www.nordicbridal.com\/wp-content\/uploads\/2026\/02\/teaser_8395e-1024x667.jpg\" class=\"attachment-large size-large wp-post-image\" alt=\"Monica Loretti - 8395e\" style=\"\" srcset=\"https:\/\/www.nordicbridal.com\/wp-content\/uploads\/2026\/02\/teaser_8395e-1024x667.jpg 1024w, https:\/\/www.nordicbridal.com\/wp-content\/uploads\/2026\/02\/teaser_8395e-300x195.jpg 300w, https:\/\/www.nordicbridal.com\/wp-content\/uploads\/2026\/02\/teaser_8395e-768x500.jpg 768w, https:\/\/www.nordicbridal.com\/wp-content\/uploads\/2026\/02\/teaser_8395e-1536x1000.jpg 1536w, https:\/\/www.nordicbridal.com\/wp-content\/uploads\/2026\/02\/teaser_8395e.jpg 1920w\" sizes=\"auto, (max-width: 990px) 100vw, 990px\" \/><\/div><a class=\"wp-block-latest-posts__post-title\" href=\"https:\/\/www.nordicbridal.com\/da\/monica-loretti-balancing-bold-expression-and-wearable-reality-in-2026-bridal-fashion\/\">Monica Loretti: Balancen mellem st\u00e6rk design og b\u00e6rbar virkelighed i 2026\u2019s brudemode<\/a><time datetime=\"\" class=\"wp-block-latest-posts__post-date\"><\/time><div class=\"wp-block-latest-posts__post-excerpt\">Kollektioner skal levere b\u00e5de wow-effekt og komfort for at im\u00f8dekomme nutidens brudes forventninger. &hellip; <a href=\"https:\/\/www.nordicbridal.com\/da\/monica-loretti-balancing-bold-expression-and-wearable-reality-in-2026-bridal-fashion\/\" class=\"more-link\"><span class=\"more-button\">L\u00e4s Mer<span class=\"screen-reader-text\">Monica Loretti: Balancen mellem st\u00e6rk design og b\u00e6rbar virkelighed i 2026\u2019s brudemode<\/span><\/span><\/a><\/div><\/li>\n<\/ul>","protected":false},"excerpt":{"rendered":"","protected":false},"author":2,"featured_media":728,"parent":0,"menu_order":0,"comment_status":"closed","ping_status":"closed","template":"","meta":{"footnotes":""},"class_list":["post-59","page","type-page","status-publish","has-post-thumbnail","hentry"],"translation":{"provider":"WPGlobus","version":"3.0.2","language":"da","enabled_languages":["en","sv","no","da","fi"],"languages":{"en":{"title":true,"content":true,"excerpt":false},"sv":{"title":true,"content":true,"excerpt":false},"no":{"title":true,"content":true,"excerpt":false},"da":{"title":true,"content":true,"excerpt":false},"fi":{"title":true,"content":true,"excerpt":false}}},"_links":{"self":[{"href":"https:\/\/www.nordicbridal.com\/da\/wp-json\/wp\/v2\/pages\/59","targetHints":{"allow":["GET"]}}],"collection":[{"href":"https:\/\/www.nordicbridal.com\/da\/wp-json\/wp\/v2\/pages"}],"about":[{"href":"https:\/\/www.nordicbridal.com\/da\/wp-json\/wp\/v2\/types\/page"}],"author":[{"embeddable":true,"href":"https:\/\/www.nordicbridal.com\/da\/wp-json\/wp\/v2\/users\/2"}],"replies":[{"embeddable":true,"href":"https:\/\/www.nordicbridal.com\/da\/wp-json\/wp\/v2\/comments?post=59"}],"version-history":[{"count":27,"href":"https:\/\/www.nordicbridal.com\/da\/wp-json\/wp\/v2\/pages\/59\/revisions"}],"predecessor-version":[{"id":1632,"href":"https:\/\/www.nordicbridal.com\/da\/wp-json\/wp\/v2\/pages\/59\/revisions\/1632"}],"wp:featuredmedia":[{"embeddable":true,"href":"https:\/\/www.nordicbridal.com\/da\/wp-json\/wp\/v2\/media\/728"}],"wp:attachment":[{"href":"https:\/\/www.nordicbridal.com\/da\/wp-json\/wp\/v2\/media?parent=59"}],"curies":[{"name":"wp","href":"https:\/\/api.w.org\/{rel}","templated":true}]}}