{"id":631,"date":"2020-05-26T10:51:39","date_gmt":"2020-05-26T08:51:39","guid":{"rendered":"http:\/\/www.nordicbridal.com\/?page_id=631"},"modified":"2022-04-06T12:05:50","modified_gmt":"2022-04-06T10:05:50","slug":"about-nordic-bridal","status":"publish","type":"page","link":"https:\/\/www.nordicbridal.com\/da\/about-nordic-bridal\/","title":{"rendered":"Om Nordic Bridal"},"content":{"rendered":"\n<h2 class=\"has-text-align-center wp-block-heading\">Siden begyndelsen i 2008 har Nordic Bridal v\u00e6ret et uvurderligt v\u00e6rkt\u00f8j for akt\u00f8rer indenfor bryllupsbranchen.<\/h2>\n\n\n\n<figure class=\"wp-block-image size-large\"><img loading=\"lazy\" decoding=\"async\" width=\"1024\" height=\"342\" src=\"http:\/\/www.nordicbridal.com\/wp-content\/uploads\/2020\/05\/NB_dansk-1024x342.jpg\" alt=\"Nordic Bridal Dansk\" class=\"wp-image-254\" srcset=\"https:\/\/www.nordicbridal.com\/wp-content\/uploads\/2020\/05\/NB_dansk-1024x342.jpg 1024w, https:\/\/www.nordicbridal.com\/wp-content\/uploads\/2020\/05\/NB_dansk-300x100.jpg 300w, https:\/\/www.nordicbridal.com\/wp-content\/uploads\/2020\/05\/NB_dansk-768x257.jpg 768w, https:\/\/www.nordicbridal.com\/wp-content\/uploads\/2020\/05\/NB_dansk-1536x513.jpg 1536w, https:\/\/www.nordicbridal.com\/wp-content\/uploads\/2020\/05\/NB_dansk-2048x684.jpg 2048w\" sizes=\"auto, (max-width: 1024px) 100vw, 1024px\" \/><\/figure>\n\n\n\n<p class=\"has-text-align-center\">\u201dDu sidder nu med Nordens f\u00f8rste business to business-magasin for bryllupsbranchen i h\u00e5nden. For blot f\u00e5 \u00e5r tilbage var der f\u00e5, der troede, det ville v\u00e6re muligt. Norden var et lille og tilsyneladende uinteressant marked for de fleste store leverand\u00f8rer.\u201d<\/p>\n\n\n\n<p>S\u00e5dan skrev ansvarshavende chefredakt\u00f8r Anders Wallgren p\u00e5 lederpladsen i det f\u00f8rste nummer, der udkom i 2008. Med tanker for fremtiden og en tro p\u00e5 det nordiske marked viste det sig at v\u00e6re et skridt i den helt rigtige retning at satse p\u00e5 et B2B-magasin. Og udviklingen de seneste 11 \u00e5r har v\u00e6ret helt fantastisk. I dag er Norden ikke l\u00e6ngere et lille og uinteressant marked; de nordiske lande har i dag st\u00e6rk k\u00f8bekraft, og de etablerede leverand\u00f8rer er blevet kendte navne ogs\u00e5 i Norden. Meget er takket v\u00e6re jer butikker, som dagligt arbejder for bryllupsmodebranchen og sikrer, at budskabet n\u00e5r hele vejen ud til forbrugerne.<\/p>\n\n\n\n<p>Nordic Bridal har med sit indhold bidraget med b\u00e5de viden, information, inspiration og det seneste nye fra branchen. Inspirerende artikler om, hvordan du f\u00e5r succes med din virksomhed, er blevet blandet med nyheder fra leverand\u00f8rerne, kontaktinformation og v\u00e6sentlige nyheder. I magasinet har I ogs\u00e5 kunnet tage del i de store, internationale indk\u00f8bsmesser og knyttet uvurderlige kontakter med kolleger rundt om i verden. I l\u00e6sere har i l\u00f8bet af \u00e5rene delt fakta, synspunkter og er kommet med \u00f8nsker til indhold. Alt sammen noget, der har betydet, at vi konstant har udviklet os og skabt et produkt, som er b\u00e5de attraktivt og \u00f8nsket i branchen. Vores styrke er, at vi i de nordiske lande n\u00e5r hele vejen fra handlen til hjertet, og det er noget, der fortsat driver os fremad.<\/p>\n\n\n\n<p>Vi har igennem \u00e5rene modtaget fin feedback fra b\u00e5de forhandlere og leverand\u00f8rer om Nordic Bridal. Nedenfor finder I nogle synspunkter, der er v\u00e6rd at belyse en ekstra gang.<\/p>\n\n\n\n<ul class=\"wp-block-list\"><li>Nordic Bridal er Nordens eneste brancheblad for bryllupper.<\/li><li>Indholdet n\u00e5r ikke alene butiksejerne, men ogs\u00e5 butikkernes personale, hvilket g\u00f8r, at alle f\u00e5r gl\u00e6de af nyhederne og muligheden for at se nye kollektioner.<\/li><li>Magasinets sendes ud til alle butikker i Norden, hvilket betyder, at selv dem, der ikke rejser til messer, f\u00e5r gl\u00e6de af nyheder og sp\u00e6ndende indhold.<\/li><li>Et vigtigt blad for branchen, hvor indholdet holder l\u00e6serne opdaterede p\u00e5 nyheder, messer, nye m\u00e6rker, nye agenter samt tips og tricks indenfor salg, markedsf\u00f8ring etc.<\/li><li>Som annonc\u00f8r \u00f8ges synligheden, hvilket forst\u00e6rker brandet og bidrager til \u00f8get salg i butikkerne.<\/li><\/ul>\n\n\n<div class=\"g g-2\"><div class=\"g-dyn a-12 c-1\"><a class=\"gofollow\" data-track=\"MTIsMiw2MA==\" href=\"https:\/\/monicaloretti.com\"><img decoding=\"async\" src=\"https:\/\/www.nordicbridal.com\/wp-content\/uploads\/2026\/02\/Monica-Loretti_NB_1800x360.png\" \/><\/a><\/div><div class=\"g-dyn a-24 c-2\"><a class=\"gofollow\" data-track=\"MjQsMiw2MA==\" href=\"https:\/\/www.demetrios.com\/en\/become-a-retailer \"><img decoding=\"async\" src=\"https:\/\/www.nordicbridal.com\/wp-content\/uploads\/2026\/04\/Demetrios-Banner_corrected.jpg\" \/><\/a><\/div><div class=\"g-dyn a-4 c-3\"><a class=\"gofollow\" data-track=\"NCwyLDYw\" href=\"https:\/\/www.justinalexander.com\"><img decoding=\"async\" src=\"https:\/\/www.nordicbridal.com\/wp-content\/uploads\/2026\/03\/justin-alexander-banner.png\" \/><\/a><\/div><div class=\"g-dyn a-26 c-4\"><a class=\"gofollow\" data-track=\"MjYsMiw2MA==\" href=\"https:\/\/azureebridal.com\/\"><img decoding=\"async\" src=\"https:\/\/www.nordicbridal.com\/wp-content\/uploads\/2026\/03\/banner_azuree-2027-kollektion.jpg\" \/><\/a><\/div><div class=\"g-dyn a-25 c-5\"><a class=\"gofollow\" data-track=\"MjUsMiw2MA==\" href=\"https:\/\/dianelegrandbridal.com\/\"><img decoding=\"async\" src=\"https:\/\/www.nordicbridal.com\/wp-content\/uploads\/2026\/03\/Unknown.gif\" \/><\/a><\/div><div class=\"g-dyn a-11 c-6\"><a class=\"gofollow\" data-track=\"MTEsMiw2MA==\" href=\"https:\/\/www.treschicbridalwear.com\/\"><img decoding=\"async\" src=\"https:\/\/www.nordicbridal.com\/wp-content\/uploads\/2026\/02\/TCBanner_February2026-scaled.jpg\" \/><\/a><\/div><div class=\"g-dyn a-27 c-7\"><a class=\"gofollow\" data-track=\"MjcsMiw2MA==\" href=\"https:\/\/www.hilarymorgan.com\/\"><img decoding=\"async\" src=\"https:\/\/www.nordicbridal.com\/wp-content\/uploads\/2026\/03\/banner_HM_2026.jpg\" \/><\/a><\/div><div class=\"g-dyn a-29 c-8\"><a class=\"gofollow\" data-track=\"MjksMiw2MA==\" href=\"https:\/\/milanbride.dk\/\"><img decoding=\"async\" src=\"https:\/\/www.nordicbridal.com\/wp-content\/uploads\/2026\/03\/banner_milan-3.jpg\" \/><\/a><\/div><div class=\"g-dyn a-18 c-9\"><a class=\"gofollow\" data-track=\"MTgsMiw2MA==\" href=\"https:\/\/globalbridalhouse.com\/nl\/\"><img decoding=\"async\" src=\"https:\/\/www.nordicbridal.com\/wp-content\/uploads\/2026\/03\/B2B-Banner-GBH-0326.jpg\" \/><\/a><\/div><\/div>\n","protected":false},"excerpt":{"rendered":"<p>Siden begyndelsen i 2008 har Nordic Bridal v\u00e6ret et uvurderligt v\u00e6rkt\u00f8j for akt\u00f8rer indenfor bryllupsbranchen. \u201dDu sidder nu med Nordens &hellip; <a href=\"https:\/\/www.nordicbridal.com\/da\/about-nordic-bridal\/\" class=\"more-link\"><span class=\"more-button\">L\u00e4s Mer<span class=\"screen-reader-text\">Om Nordic Bridal<\/span><\/span><\/a><\/p>\n","protected":false},"author":2,"featured_media":0,"parent":0,"menu_order":0,"comment_status":"closed","ping_status":"closed","template":"","meta":{"footnotes":""},"class_list":["post-631","page","type-page","status-publish","hentry"],"translation":{"provider":"WPGlobus","version":"3.0.2","language":"da","enabled_languages":["en","sv","no","da","fi"],"languages":{"en":{"title":true,"content":true,"excerpt":false},"sv":{"title":true,"content":true,"excerpt":false},"no":{"title":true,"content":true,"excerpt":false},"da":{"title":true,"content":true,"excerpt":false},"fi":{"title":true,"content":true,"excerpt":false}}},"_links":{"self":[{"href":"https:\/\/www.nordicbridal.com\/da\/wp-json\/wp\/v2\/pages\/631","targetHints":{"allow":["GET"]}}],"collection":[{"href":"https:\/\/www.nordicbridal.com\/da\/wp-json\/wp\/v2\/pages"}],"about":[{"href":"https:\/\/www.nordicbridal.com\/da\/wp-json\/wp\/v2\/types\/page"}],"author":[{"embeddable":true,"href":"https:\/\/www.nordicbridal.com\/da\/wp-json\/wp\/v2\/users\/2"}],"replies":[{"embeddable":true,"href":"https:\/\/www.nordicbridal.com\/da\/wp-json\/wp\/v2\/comments?post=631"}],"version-history":[{"count":16,"href":"https:\/\/www.nordicbridal.com\/da\/wp-json\/wp\/v2\/pages\/631\/revisions"}],"predecessor-version":[{"id":1612,"href":"https:\/\/www.nordicbridal.com\/da\/wp-json\/wp\/v2\/pages\/631\/revisions\/1612"}],"wp:attachment":[{"href":"https:\/\/www.nordicbridal.com\/da\/wp-json\/wp\/v2\/media?parent=631"}],"curies":[{"name":"wp","href":"https:\/\/api.w.org\/{rel}","templated":true}]}}