{"id":52,"date":"2020-05-13T11:31:00","date_gmt":"2020-05-13T09:31:00","guid":{"rendered":"http:\/\/dev.nordicbridal.com\/?page_id=52"},"modified":"2022-04-06T12:07:16","modified_gmt":"2022-04-06T10:07:16","slug":"fashion","status":"publish","type":"page","link":"https:\/\/www.nordicbridal.com\/fi\/fashion\/","title":{"rendered":"Muoti"},"content":{"rendered":"<div class=\"g g-5\"><div class=\"g-dyn a-25 c-1\"><a class=\"gofollow\" data-track=\"MjUsNSw2MA==\" href=\"https:\/\/dianelegrandbridal.com\/\"><img decoding=\"async\" src=\"https:\/\/www.nordicbridal.com\/wp-content\/uploads\/2026\/03\/Unknown.gif\" \/><\/a><\/div><div class=\"g-dyn a-18 c-2\"><a class=\"gofollow\" data-track=\"MTgsNSw2MA==\" href=\"https:\/\/globalbridalhouse.com\/nl\/\"><img decoding=\"async\" src=\"https:\/\/www.nordicbridal.com\/wp-content\/uploads\/2026\/03\/B2B-Banner-GBH-0326.jpg\" \/><\/a><\/div><div class=\"g-dyn a-29 c-3\"><a class=\"gofollow\" data-track=\"MjksNSw2MA==\" href=\"https:\/\/milanbride.dk\/\"><img decoding=\"async\" src=\"https:\/\/www.nordicbridal.com\/wp-content\/uploads\/2026\/03\/banner_milan-3.jpg\" \/><\/a><\/div><div class=\"g-dyn a-12 c-4\"><a class=\"gofollow\" data-track=\"MTIsNSw2MA==\" href=\"https:\/\/monicaloretti.com\"><img decoding=\"async\" src=\"https:\/\/www.nordicbridal.com\/wp-content\/uploads\/2026\/02\/Monica-Loretti_NB_1800x360.png\" \/><\/a><\/div><div class=\"g-dyn a-4 c-5\"><a class=\"gofollow\" data-track=\"NCw1LDYw\" href=\"https:\/\/www.justinalexander.com\"><img decoding=\"async\" src=\"https:\/\/www.nordicbridal.com\/wp-content\/uploads\/2026\/03\/justin-alexander-banner.png\" \/><\/a><\/div><div class=\"g-dyn a-24 c-6\"><a class=\"gofollow\" data-track=\"MjQsNSw2MA==\" href=\"https:\/\/www.demetrios.com\/en\/become-a-retailer \"><img decoding=\"async\" src=\"https:\/\/www.nordicbridal.com\/wp-content\/uploads\/2026\/04\/Demetrios-Banner_corrected.jpg\" \/><\/a><\/div><div class=\"g-dyn a-11 c-7\"><a class=\"gofollow\" data-track=\"MTEsNSw2MA==\" href=\"https:\/\/www.treschicbridalwear.com\/\"><img decoding=\"async\" src=\"https:\/\/www.nordicbridal.com\/wp-content\/uploads\/2026\/02\/TCBanner_February2026-scaled.jpg\" \/><\/a><\/div><div class=\"g-dyn a-27 c-8\"><a class=\"gofollow\" data-track=\"MjcsNSw2MA==\" href=\"https:\/\/www.hilarymorgan.com\/\"><img decoding=\"async\" src=\"https:\/\/www.nordicbridal.com\/wp-content\/uploads\/2026\/03\/banner_HM_2026.jpg\" \/><\/a><\/div><div class=\"g-dyn a-26 c-9\"><a class=\"gofollow\" data-track=\"MjYsNSw2MA==\" href=\"https:\/\/azureebridal.com\/\"><img decoding=\"async\" src=\"https:\/\/www.nordicbridal.com\/wp-content\/uploads\/2026\/03\/banner_azuree-2027-kollektion.jpg\" \/><\/a><\/div><\/div>\n\n\n\n<p><\/p>\n\n\n<ul class=\"wp-block-latest-posts__list is-grid columns-3 has-dates wp-block-latest-posts\"><li><div class=\"wp-block-latest-posts__featured-image aligncenter\"><img loading=\"lazy\" decoding=\"async\" width=\"990\" height=\"645\" src=\"https:\/\/www.nordicbridal.com\/wp-content\/uploads\/2026\/04\/weB_1567_2-teaser-1024x667.jpg\" class=\"attachment-large size-large wp-post-image\" alt=\"Style 1567 - Demetrios Collection\" style=\"\" srcset=\"https:\/\/www.nordicbridal.com\/wp-content\/uploads\/2026\/04\/weB_1567_2-teaser-1024x667.jpg 1024w, https:\/\/www.nordicbridal.com\/wp-content\/uploads\/2026\/04\/weB_1567_2-teaser-300x195.jpg 300w, https:\/\/www.nordicbridal.com\/wp-content\/uploads\/2026\/04\/weB_1567_2-teaser-768x500.jpg 768w, https:\/\/www.nordicbridal.com\/wp-content\/uploads\/2026\/04\/weB_1567_2-teaser-1536x1000.jpg 1536w, https:\/\/www.nordicbridal.com\/wp-content\/uploads\/2026\/04\/weB_1567_2-teaser.jpg 1920w\" sizes=\"auto, (max-width: 990px) 100vw, 990px\" \/><\/div><a class=\"wp-block-latest-posts__post-title\" href=\"https:\/\/www.nordicbridal.com\/fi\/demetrios-unveils-2027-collections\/\">Demetrios esittelee vuoden 2027 mallisto<\/a><time datetime=\"\" class=\"wp-block-latest-posts__post-date\"><\/time><div class=\"wp-block-latest-posts__post-excerpt\">Jatkuva kunnianosoitus 45 vuodelle huippuluokan h\u00e4\u00e4muotia &hellip; <a href=\"https:\/\/www.nordicbridal.com\/fi\/demetrios-unveils-2027-collections\/\" class=\"more-link\"><span class=\"more-button\">L\u00e4s Mer<span class=\"screen-reader-text\">Demetrios esittelee vuoden 2027 mallisto<\/span><\/span><\/a><\/div><\/li>\n<li><div class=\"wp-block-latest-posts__featured-image aligncenter\"><img loading=\"lazy\" decoding=\"async\" width=\"990\" height=\"645\" src=\"https:\/\/www.nordicbridal.com\/wp-content\/uploads\/2024\/03\/web_229A7479-1024x667.jpg\" class=\"attachment-large size-large wp-post-image\" alt=\"Milan 2027\" style=\"\" srcset=\"https:\/\/www.nordicbridal.com\/wp-content\/uploads\/2024\/03\/web_229A7479-1024x667.jpg 1024w, https:\/\/www.nordicbridal.com\/wp-content\/uploads\/2024\/03\/web_229A7479-300x195.jpg 300w, https:\/\/www.nordicbridal.com\/wp-content\/uploads\/2024\/03\/web_229A7479-768x500.jpg 768w, https:\/\/www.nordicbridal.com\/wp-content\/uploads\/2024\/03\/web_229A7479-1536x1000.jpg 1536w, https:\/\/www.nordicbridal.com\/wp-content\/uploads\/2024\/03\/web_229A7479.jpg 1920w\" sizes=\"auto, (max-width: 990px) 100vw, 990px\" \/><\/div><a class=\"wp-block-latest-posts__post-title\" href=\"https:\/\/www.nordicbridal.com\/fi\/milan-2027-en-ny-aera-inden-for-moderne-brudedesign\/\">Milan 2027 \u2013 Uusi aikakausi modernissa h\u00e4\u00e4pukusuunnittelussa<\/a><time datetime=\"\" class=\"wp-block-latest-posts__post-date\"><\/time><div class=\"wp-block-latest-posts__post-excerpt\">Mallistot esitell\u00e4\u00e4n ensimm\u00e4ist\u00e4 kertaa kansainv\u00e4lisill\u00e4 messuilla Esseniss\u00e4 ja Barcelonassa &hellip; <a href=\"https:\/\/www.nordicbridal.com\/fi\/milan-2027-en-ny-aera-inden-for-moderne-brudedesign\/\" class=\"more-link\"><span class=\"more-button\">L\u00e4s Mer<span class=\"screen-reader-text\">Milan 2027 \u2013 Uusi aikakausi modernissa h\u00e4\u00e4pukusuunnittelussa<\/span><\/span><\/a><\/div><\/li>\n<li><div class=\"wp-block-latest-posts__featured-image aligncenter\"><img loading=\"lazy\" decoding=\"async\" width=\"990\" height=\"645\" src=\"https:\/\/www.nordicbridal.com\/wp-content\/uploads\/2026\/03\/teaser_Faye-Azuree-Bridal-Close-1024x667.jpg\" class=\"attachment-large size-large wp-post-image\" alt=\"Faye - Azuree Bridal 2027 collection\" style=\"\" srcset=\"https:\/\/www.nordicbridal.com\/wp-content\/uploads\/2026\/03\/teaser_Faye-Azuree-Bridal-Close-1024x667.jpg 1024w, https:\/\/www.nordicbridal.com\/wp-content\/uploads\/2026\/03\/teaser_Faye-Azuree-Bridal-Close-300x195.jpg 300w, https:\/\/www.nordicbridal.com\/wp-content\/uploads\/2026\/03\/teaser_Faye-Azuree-Bridal-Close-768x500.jpg 768w, https:\/\/www.nordicbridal.com\/wp-content\/uploads\/2026\/03\/teaser_Faye-Azuree-Bridal-Close-1536x1000.jpg 1536w, https:\/\/www.nordicbridal.com\/wp-content\/uploads\/2026\/03\/teaser_Faye-Azuree-Bridal-Close.jpg 1920w\" sizes=\"auto, (max-width: 990px) 100vw, 990px\" \/><\/div><a class=\"wp-block-latest-posts__post-title\" href=\"https:\/\/www.nordicbridal.com\/fi\/one-year-of-azuree-bridal\/\">Yksi vuosi Azuree Bridalin kanssa<\/a><time datetime=\"\" class=\"wp-block-latest-posts__post-date\"><\/time><div class=\"wp-block-latest-posts__post-excerpt\">Olaf Van den Brink kasvusta, perheest\u00e4 ja modernin h\u00e4\u00e4muotibr\u00e4ndin rakentamisesta syd\u00e4mell\u00e4 &hellip; <a href=\"https:\/\/www.nordicbridal.com\/fi\/one-year-of-azuree-bridal\/\" class=\"more-link\"><span class=\"more-button\">L\u00e4s Mer<span class=\"screen-reader-text\">Yksi vuosi Azuree Bridalin kanssa<\/span><\/span><\/a><\/div><\/li>\n<li><div class=\"wp-block-latest-posts__featured-image aligncenter\"><img loading=\"lazy\" decoding=\"async\" width=\"990\" height=\"645\" src=\"https:\/\/www.nordicbridal.com\/wp-content\/uploads\/2026\/03\/Modeca-Magical-collection_landscape-image-1024x667.jpg\" class=\"attachment-large size-large wp-post-image\" alt=\"Modeca - Magical collection_landscape image\" style=\"\" srcset=\"https:\/\/www.nordicbridal.com\/wp-content\/uploads\/2026\/03\/Modeca-Magical-collection_landscape-image-1024x667.jpg 1024w, https:\/\/www.nordicbridal.com\/wp-content\/uploads\/2026\/03\/Modeca-Magical-collection_landscape-image-300x195.jpg 300w, https:\/\/www.nordicbridal.com\/wp-content\/uploads\/2026\/03\/Modeca-Magical-collection_landscape-image-768x500.jpg 768w, https:\/\/www.nordicbridal.com\/wp-content\/uploads\/2026\/03\/Modeca-Magical-collection_landscape-image-1536x1000.jpg 1536w, https:\/\/www.nordicbridal.com\/wp-content\/uploads\/2026\/03\/Modeca-Magical-collection_landscape-image.jpg 1920w\" sizes=\"auto, (max-width: 990px) 100vw, 990px\" \/><\/div><a class=\"wp-block-latest-posts__post-title\" href=\"https:\/\/www.nordicbridal.com\/fi\/global-bridal-house-unveils-2027-collections\/\">Global Bridal House lanseeraa vuoden 2027 mallistot:<\/a><time datetime=\"\" class=\"wp-block-latest-posts__post-date\"><\/time><div class=\"wp-block-latest-posts__post-excerpt\">Ajatonta eleganssia, modernia romantiikkaa ja unohtumatonta tyyli\u00e4 &hellip; <a href=\"https:\/\/www.nordicbridal.com\/fi\/global-bridal-house-unveils-2027-collections\/\" class=\"more-link\"><span class=\"more-button\">L\u00e4s Mer<span class=\"screen-reader-text\">Global Bridal House lanseeraa vuoden 2027 mallistot:<\/span><\/span><\/a><\/div><\/li>\n<li><div class=\"wp-block-latest-posts__featured-image aligncenter\"><img loading=\"lazy\" decoding=\"async\" width=\"990\" height=\"645\" src=\"https:\/\/www.nordicbridal.com\/wp-content\/uploads\/2026\/03\/teaser_JAG-1024x667.jpg\" class=\"attachment-large size-large wp-post-image\" alt=\"Justin Alexander group\" style=\"\" srcset=\"https:\/\/www.nordicbridal.com\/wp-content\/uploads\/2026\/03\/teaser_JAG-1024x667.jpg 1024w, https:\/\/www.nordicbridal.com\/wp-content\/uploads\/2026\/03\/teaser_JAG-300x195.jpg 300w, https:\/\/www.nordicbridal.com\/wp-content\/uploads\/2026\/03\/teaser_JAG-768x500.jpg 768w, https:\/\/www.nordicbridal.com\/wp-content\/uploads\/2026\/03\/teaser_JAG-1536x1000.jpg 1536w, https:\/\/www.nordicbridal.com\/wp-content\/uploads\/2026\/03\/teaser_JAG.jpg 1920w\" sizes=\"auto, (max-width: 990px) 100vw, 990px\" \/><\/div><a class=\"wp-block-latest-posts__post-title\" href=\"https:\/\/www.nordicbridal.com\/fi\/fall-winter-2026-bridal-trends-from-justin-alexander-group\/\">Morsiusmuodin trendit syksy\/talvi 2026 \u2013 Justin Alexander Group<\/a><time datetime=\"\" class=\"wp-block-latest-posts__post-date\"><\/time><div class=\"wp-block-latest-posts__post-excerpt\">Justin Alexander Group on julkaissut syksy\/talvi 2026 -mallistonsa ja esittelee uuden n\u00e4k\u00f6kulman morsiusmuotiin tulevaa sesonkia varten. &hellip; <a href=\"https:\/\/www.nordicbridal.com\/fi\/fall-winter-2026-bridal-trends-from-justin-alexander-group\/\" class=\"more-link\"><span class=\"more-button\">L\u00e4s Mer<span class=\"screen-reader-text\">Morsiusmuodin trendit syksy\/talvi 2026 \u2013 Justin Alexander Group<\/span><\/span><\/a><\/div><\/li>\n<li><div class=\"wp-block-latest-posts__featured-image aligncenter\"><img loading=\"lazy\" decoding=\"async\" width=\"990\" height=\"660\" src=\"https:\/\/www.nordicbridal.com\/wp-content\/uploads\/2026\/03\/12A8447-Edit-1024x683.jpg\" class=\"attachment-large size-large wp-post-image\" alt=\"Diane Legrand\" style=\"\" srcset=\"https:\/\/www.nordicbridal.com\/wp-content\/uploads\/2026\/03\/12A8447-Edit-1024x683.jpg 1024w, https:\/\/www.nordicbridal.com\/wp-content\/uploads\/2026\/03\/12A8447-Edit-300x200.jpg 300w, https:\/\/www.nordicbridal.com\/wp-content\/uploads\/2026\/03\/12A8447-Edit-768x512.jpg 768w, https:\/\/www.nordicbridal.com\/wp-content\/uploads\/2026\/03\/12A8447-Edit-1536x1025.jpg 1536w, https:\/\/www.nordicbridal.com\/wp-content\/uploads\/2026\/03\/12A8447-Edit.jpg 1920w\" sizes=\"auto, (max-width: 990px) 100vw, 990px\" \/><\/div><a class=\"wp-block-latest-posts__post-title\" href=\"https:\/\/www.nordicbridal.com\/fi\/who-is-diane-legrand\/\">Kuka on Diane Legrand?<\/a><time datetime=\"\" class=\"wp-block-latest-posts__post-date\"><\/time><div class=\"wp-block-latest-posts__post-excerpt\">Diane Legrand on enemm\u00e4n kuin h\u00e4\u00e4muotibr\u00e4ndi \u2013 se on perheen tarina, jota yhdist\u00e4\u00e4 aito intohimo h\u00e4\u00e4coutureen. &hellip; <a href=\"https:\/\/www.nordicbridal.com\/fi\/who-is-diane-legrand\/\" class=\"more-link\"><span class=\"more-button\">L\u00e4s Mer<span class=\"screen-reader-text\">Kuka on Diane Legrand?<\/span><\/span><\/a><\/div><\/li>\n<li><div class=\"wp-block-latest-posts__featured-image aligncenter\"><img loading=\"lazy\" decoding=\"async\" width=\"990\" height=\"645\" src=\"https:\/\/www.nordicbridal.com\/wp-content\/uploads\/2025\/03\/weB_hilary_teaser_B1033-1024x667.jpg\" class=\"attachment-large size-large wp-post-image\" alt=\"Hilary Morgan\" style=\"\" srcset=\"https:\/\/www.nordicbridal.com\/wp-content\/uploads\/2025\/03\/weB_hilary_teaser_B1033-1024x667.jpg 1024w, https:\/\/www.nordicbridal.com\/wp-content\/uploads\/2025\/03\/weB_hilary_teaser_B1033-300x195.jpg 300w, https:\/\/www.nordicbridal.com\/wp-content\/uploads\/2025\/03\/weB_hilary_teaser_B1033-768x500.jpg 768w, https:\/\/www.nordicbridal.com\/wp-content\/uploads\/2025\/03\/weB_hilary_teaser_B1033-1536x1000.jpg 1536w, https:\/\/www.nordicbridal.com\/wp-content\/uploads\/2025\/03\/weB_hilary_teaser_B1033.jpg 1920w\" sizes=\"auto, (max-width: 990px) 100vw, 990px\" \/><\/div><a class=\"wp-block-latest-posts__post-title\" href=\"https:\/\/www.nordicbridal.com\/fi\/hilary-morgan-the-bridal-brand-that-elevates-your-boutique\/\">Hilary Morgan<\/a><time datetime=\"\" class=\"wp-block-latest-posts__post-date\"><\/time><div class=\"wp-block-latest-posts__post-excerpt\">Jo yli 30 vuoden ajan Hilary Morgan on ollut tunnettu nimi h\u00e4\u00e4muodin maailmassa \u2013 arvostettu ajattomasta tyylist\u00e4\u00e4n, eleganssistaan ja yksityiskohtien huomioimisesta.  &hellip; <a href=\"https:\/\/www.nordicbridal.com\/fi\/hilary-morgan-the-bridal-brand-that-elevates-your-boutique\/\" class=\"more-link\"><span class=\"more-button\">L\u00e4s Mer<span class=\"screen-reader-text\">Hilary Morgan<\/span><\/span><\/a><\/div><\/li>\n<li><div class=\"wp-block-latest-posts__featured-image aligncenter\"><img loading=\"lazy\" decoding=\"async\" width=\"990\" height=\"645\" src=\"https:\/\/www.nordicbridal.com\/wp-content\/uploads\/2026\/02\/teaser_8395e-1024x667.jpg\" class=\"attachment-large size-large wp-post-image\" alt=\"Monica Loretti - 8395e\" style=\"\" srcset=\"https:\/\/www.nordicbridal.com\/wp-content\/uploads\/2026\/02\/teaser_8395e-1024x667.jpg 1024w, https:\/\/www.nordicbridal.com\/wp-content\/uploads\/2026\/02\/teaser_8395e-300x195.jpg 300w, https:\/\/www.nordicbridal.com\/wp-content\/uploads\/2026\/02\/teaser_8395e-768x500.jpg 768w, https:\/\/www.nordicbridal.com\/wp-content\/uploads\/2026\/02\/teaser_8395e-1536x1000.jpg 1536w, https:\/\/www.nordicbridal.com\/wp-content\/uploads\/2026\/02\/teaser_8395e.jpg 1920w\" sizes=\"auto, (max-width: 990px) 100vw, 990px\" \/><\/div><a class=\"wp-block-latest-posts__post-title\" href=\"https:\/\/www.nordicbridal.com\/fi\/monica-loretti-balancing-bold-expression-and-wearable-reality-in-2026-bridal-fashion\/\">Monica Loretti: Rohkean muotoilun ja k\u00e4yt\u00e4nn\u00f6llisen puettavuuden tasapaino vuoden 2026 h\u00e4\u00e4muodissa<\/a><time datetime=\"\" class=\"wp-block-latest-posts__post-date\"><\/time><div class=\"wp-block-latest-posts__post-excerpt\">Mallistojen tulee tarjota sek\u00e4 vahvaa ensivaikutelmaa ett\u00e4 k\u00e4ytt\u00f6mukavuutta vastatakseen nykyp\u00e4iv\u00e4n morsiamien odotuksiin. &hellip; <a href=\"https:\/\/www.nordicbridal.com\/fi\/monica-loretti-balancing-bold-expression-and-wearable-reality-in-2026-bridal-fashion\/\" class=\"more-link\"><span class=\"more-button\">L\u00e4s Mer<span class=\"screen-reader-text\">Monica Loretti: Rohkean muotoilun ja k\u00e4yt\u00e4nn\u00f6llisen puettavuuden tasapaino vuoden 2026 h\u00e4\u00e4muodissa<\/span><\/span><\/a><\/div><\/li>\n<li><div class=\"wp-block-latest-posts__featured-image aligncenter\"><img loading=\"lazy\" decoding=\"async\" width=\"990\" height=\"659\" src=\"https:\/\/www.nordicbridal.com\/wp-content\/uploads\/2026\/01\/EBW_fashionshow_MKL-12-1024x682.jpg\" class=\"attachment-large size-large wp-post-image\" alt=\"\" style=\"\" srcset=\"https:\/\/www.nordicbridal.com\/wp-content\/uploads\/2026\/01\/EBW_fashionshow_MKL-12-1024x682.jpg 1024w, https:\/\/www.nordicbridal.com\/wp-content\/uploads\/2026\/01\/EBW_fashionshow_MKL-12-300x200.jpg 300w, https:\/\/www.nordicbridal.com\/wp-content\/uploads\/2026\/01\/EBW_fashionshow_MKL-12-768x512.jpg 768w, https:\/\/www.nordicbridal.com\/wp-content\/uploads\/2026\/01\/EBW_fashionshow_MKL-12.jpg 1250w\" sizes=\"auto, (max-width: 990px) 100vw, 990px\" \/><\/div><a class=\"wp-block-latest-posts__post-title\" href=\"https:\/\/www.nordicbridal.com\/fi\/highlights-from-the-runway\/\">Catwalkin kohokohdat<\/a><time datetime=\"\" class=\"wp-block-latest-posts__post-date\"><\/time><div class=\"wp-block-latest-posts__post-excerpt\">\u00c4l\u00e4 missaa upeita muotin\u00e4yt\u00f6ksi\u00e4 European Bridal Weekiss\u00e4!  &hellip; <a href=\"https:\/\/www.nordicbridal.com\/fi\/highlights-from-the-runway\/\" class=\"more-link\"><span class=\"more-button\">L\u00e4s Mer<span class=\"screen-reader-text\">Catwalkin kohokohdat<\/span><\/span><\/a><\/div><\/li>\n<\/ul>","protected":false},"excerpt":{"rendered":"","protected":false},"author":2,"featured_media":0,"parent":0,"menu_order":0,"comment_status":"closed","ping_status":"closed","template":"","meta":{"footnotes":""},"class_list":["post-52","page","type-page","status-publish","hentry"],"translation":{"provider":"WPGlobus","version":"3.0.2","language":"fi","enabled_languages":["en","sv","no","da","fi"],"languages":{"en":{"title":true,"content":true,"excerpt":false},"sv":{"title":true,"content":true,"excerpt":false},"no":{"title":true,"content":true,"excerpt":false},"da":{"title":true,"content":true,"excerpt":false},"fi":{"title":true,"content":true,"excerpt":false}}},"_links":{"self":[{"href":"https:\/\/www.nordicbridal.com\/fi\/wp-json\/wp\/v2\/pages\/52","targetHints":{"allow":["GET"]}}],"collection":[{"href":"https:\/\/www.nordicbridal.com\/fi\/wp-json\/wp\/v2\/pages"}],"about":[{"href":"https:\/\/www.nordicbridal.com\/fi\/wp-json\/wp\/v2\/types\/page"}],"author":[{"embeddable":true,"href":"https:\/\/www.nordicbridal.com\/fi\/wp-json\/wp\/v2\/users\/2"}],"replies":[{"embeddable":true,"href":"https:\/\/www.nordicbridal.com\/fi\/wp-json\/wp\/v2\/comments?post=52"}],"version-history":[{"count":21,"href":"https:\/\/www.nordicbridal.com\/fi\/wp-json\/wp\/v2\/pages\/52\/revisions"}],"predecessor-version":[{"id":1616,"href":"https:\/\/www.nordicbridal.com\/fi\/wp-json\/wp\/v2\/pages\/52\/revisions\/1616"}],"wp:attachment":[{"href":"https:\/\/www.nordicbridal.com\/fi\/wp-json\/wp\/v2\/media?parent=52"}],"curies":[{"name":"wp","href":"https:\/\/api.w.org\/{rel}","templated":true}]}}