{"id":59,"date":"2020-05-13T11:35:08","date_gmt":"2020-05-13T09:35:08","guid":{"rendered":"http:\/\/dev.nordicbridal.com\/?page_id=59"},"modified":"2022-04-06T12:36:15","modified_gmt":"2022-04-06T10:36:15","slug":"trade-shows","status":"publish","type":"page","link":"https:\/\/www.nordicbridal.com\/fi\/trade-shows\/","title":{"rendered":"Messut"},"content":{"rendered":"<div class=\"g g-5\"><div class=\"g-dyn a-26 c-1\"><a class=\"gofollow\" data-track=\"MjYsNSw2MA==\" href=\"https:\/\/azureebridal.com\/\"><img decoding=\"async\" src=\"https:\/\/www.nordicbridal.com\/wp-content\/uploads\/2026\/03\/banner_azuree-2027-kollektion.jpg\" \/><\/a><\/div><div class=\"g-dyn a-12 c-2\"><a class=\"gofollow\" data-track=\"MTIsNSw2MA==\" href=\"https:\/\/monicaloretti.com\"><img decoding=\"async\" src=\"https:\/\/www.nordicbridal.com\/wp-content\/uploads\/2026\/02\/Monica-Loretti_NB_1800x360.png\" \/><\/a><\/div><div class=\"g-dyn a-25 c-3\"><a class=\"gofollow\" data-track=\"MjUsNSw2MA==\" href=\"https:\/\/dianelegrandbridal.com\/\"><img decoding=\"async\" src=\"https:\/\/www.nordicbridal.com\/wp-content\/uploads\/2026\/03\/Unknown.gif\" \/><\/a><\/div><div class=\"g-dyn a-18 c-4\"><a class=\"gofollow\" data-track=\"MTgsNSw2MA==\" href=\"https:\/\/globalbridalhouse.com\/nl\/\"><img decoding=\"async\" src=\"https:\/\/www.nordicbridal.com\/wp-content\/uploads\/2026\/03\/B2B-Banner-GBH-0326.jpg\" \/><\/a><\/div><div class=\"g-dyn a-27 c-5\"><a class=\"gofollow\" data-track=\"MjcsNSw2MA==\" href=\"https:\/\/www.hilarymorgan.com\/\"><img decoding=\"async\" src=\"https:\/\/www.nordicbridal.com\/wp-content\/uploads\/2026\/03\/banner_HM_2026.jpg\" \/><\/a><\/div><div class=\"g-dyn a-11 c-6\"><a class=\"gofollow\" data-track=\"MTEsNSw2MA==\" href=\"https:\/\/www.treschicbridalwear.com\/\"><img decoding=\"async\" src=\"https:\/\/www.nordicbridal.com\/wp-content\/uploads\/2026\/02\/TCBanner_February2026-scaled.jpg\" \/><\/a><\/div><div class=\"g-dyn a-24 c-7\"><a class=\"gofollow\" data-track=\"MjQsNSw2MA==\" href=\"https:\/\/www.demetrios.com\/en\/become-a-retailer \"><img decoding=\"async\" src=\"https:\/\/www.nordicbridal.com\/wp-content\/uploads\/2026\/04\/Demetrios-Banner_corrected.jpg\" \/><\/a><\/div><div class=\"g-dyn a-29 c-8\"><a class=\"gofollow\" data-track=\"MjksNSw2MA==\" href=\"https:\/\/milanbride.dk\/\"><img decoding=\"async\" src=\"https:\/\/www.nordicbridal.com\/wp-content\/uploads\/2026\/03\/banner_milan-3.jpg\" \/><\/a><\/div><div class=\"g-dyn a-4 c-9\"><a class=\"gofollow\" data-track=\"NCw1LDYw\" href=\"https:\/\/www.justinalexander.com\"><img decoding=\"async\" src=\"https:\/\/www.nordicbridal.com\/wp-content\/uploads\/2026\/03\/justin-alexander-banner.png\" \/><\/a><\/div><\/div>\n\n\n\n<p><\/p>\n\n\n<ul class=\"wp-block-latest-posts__list is-grid columns-3 has-dates wp-block-latest-posts\"><li><div class=\"wp-block-latest-posts__featured-image aligncenter\"><img loading=\"lazy\" decoding=\"async\" width=\"990\" height=\"645\" src=\"https:\/\/www.nordicbridal.com\/wp-content\/uploads\/2026\/03\/EBW-2025-Fashion-Show-07-1024x667.jpg\" class=\"attachment-large size-large wp-post-image\" alt=\"\" style=\"\" srcset=\"https:\/\/www.nordicbridal.com\/wp-content\/uploads\/2026\/03\/EBW-2025-Fashion-Show-07-1024x667.jpg 1024w, https:\/\/www.nordicbridal.com\/wp-content\/uploads\/2026\/03\/EBW-2025-Fashion-Show-07-300x195.jpg 300w, https:\/\/www.nordicbridal.com\/wp-content\/uploads\/2026\/03\/EBW-2025-Fashion-Show-07-768x500.jpg 768w, https:\/\/www.nordicbridal.com\/wp-content\/uploads\/2026\/03\/EBW-2025-Fashion-Show-07-1536x1000.jpg 1536w, https:\/\/www.nordicbridal.com\/wp-content\/uploads\/2026\/03\/EBW-2025-Fashion-Show-07.jpg 1920w\" sizes=\"auto, (max-width: 990px) 100vw, 990px\" \/><\/div><a class=\"wp-block-latest-posts__post-title\" href=\"https:\/\/www.nordicbridal.com\/fi\/european-bridal-week-2026-introduces-a-new-catwalk-experience\/\">European Bridal Week 2026 tuo uuden catwalk-el\u00e4myksen<\/a><time datetime=\"\" class=\"wp-block-latest-posts__post-date\"><\/time><div class=\"wp-block-latest-posts__post-excerpt\">European Bridal Week 2026 nostaa h\u00e4\u00e4muodin uudelle tasolle \u2013 sek\u00e4 mallistojen ett\u00e4 esitystavan osalta.  &hellip; <a href=\"https:\/\/www.nordicbridal.com\/fi\/european-bridal-week-2026-introduces-a-new-catwalk-experience\/\" class=\"more-link\"><span class=\"more-button\">L\u00e4s Mer<span class=\"screen-reader-text\">European Bridal Week 2026 tuo uuden catwalk-el\u00e4myksen<\/span><\/span><\/a><\/div><\/li>\n<li><div class=\"wp-block-latest-posts__featured-image aligncenter\"><img loading=\"lazy\" decoding=\"async\" width=\"990\" height=\"660\" src=\"https:\/\/www.nordicbridal.com\/wp-content\/uploads\/2026\/01\/ebw_gallery_2025_137-1024x683.jpg\" class=\"attachment-large size-large wp-post-image\" alt=\"Trade show ready\" style=\"\" srcset=\"https:\/\/www.nordicbridal.com\/wp-content\/uploads\/2026\/01\/ebw_gallery_2025_137-1024x683.jpg 1024w, https:\/\/www.nordicbridal.com\/wp-content\/uploads\/2026\/01\/ebw_gallery_2025_137-300x200.jpg 300w, https:\/\/www.nordicbridal.com\/wp-content\/uploads\/2026\/01\/ebw_gallery_2025_137-768x512.jpg 768w, https:\/\/www.nordicbridal.com\/wp-content\/uploads\/2026\/01\/ebw_gallery_2025_137-1536x1024.jpg 1536w, https:\/\/www.nordicbridal.com\/wp-content\/uploads\/2026\/01\/ebw_gallery_2025_137.jpg 1875w\" sizes=\"auto, (max-width: 990px) 100vw, 990px\" \/><\/div><a class=\"wp-block-latest-posts__post-title\" href=\"https:\/\/www.nordicbridal.com\/fi\/trade-show-ready-how-to-make-the-most-of-your-visit\/\">Valmistaudu messuille<\/a><time datetime=\"\" class=\"wp-block-latest-posts__post-date\"><\/time><div class=\"wp-block-latest-posts__post-excerpt\">Me annamme sinulle vinkit kuinka otat hy\u00f6dyn irti vuoden messuista. &hellip; <a href=\"https:\/\/www.nordicbridal.com\/fi\/trade-show-ready-how-to-make-the-most-of-your-visit\/\" class=\"more-link\"><span class=\"more-button\">L\u00e4s Mer<span class=\"screen-reader-text\">Valmistaudu messuille<\/span><\/span><\/a><\/div><\/li>\n<li><div class=\"wp-block-latest-posts__featured-image aligncenter\"><img loading=\"lazy\" decoding=\"async\" width=\"990\" height=\"660\" src=\"https:\/\/www.nordicbridal.com\/wp-content\/uploads\/2026\/01\/EBW-2026-_-EBW-Awards-09-1024x683.jpg\" class=\"attachment-large size-large wp-post-image\" alt=\"EBW Awards\" style=\"\" srcset=\"https:\/\/www.nordicbridal.com\/wp-content\/uploads\/2026\/01\/EBW-2026-_-EBW-Awards-09-1024x683.jpg 1024w, https:\/\/www.nordicbridal.com\/wp-content\/uploads\/2026\/01\/EBW-2026-_-EBW-Awards-09-300x200.jpg 300w, https:\/\/www.nordicbridal.com\/wp-content\/uploads\/2026\/01\/EBW-2026-_-EBW-Awards-09-768x513.jpg 768w, https:\/\/www.nordicbridal.com\/wp-content\/uploads\/2026\/01\/EBW-2026-_-EBW-Awards-09-1536x1025.jpg 1536w, https:\/\/www.nordicbridal.com\/wp-content\/uploads\/2026\/01\/EBW-2026-_-EBW-Awards-09-2048x1367.jpg 2048w\" sizes=\"auto, (max-width: 990px) 100vw, 990px\" \/><\/div><a class=\"wp-block-latest-posts__post-title\" href=\"https:\/\/www.nordicbridal.com\/fi\/ebw-awards-er-tilbake-under-european-bridal-week-2026\/\">EBW Awards palaa European Bridal Week 2026 -tapahtumaan<\/a><time datetime=\"\" class=\"wp-block-latest-posts__post-date\"><\/time><div class=\"wp-block-latest-posts__post-excerpt\">Palkintogaala, juhla \u2013 ja vuoden pukukoodi on \u201cCreative Black Tie\u201d &hellip; <a href=\"https:\/\/www.nordicbridal.com\/fi\/ebw-awards-er-tilbake-under-european-bridal-week-2026\/\" class=\"more-link\"><span class=\"more-button\">L\u00e4s Mer<span class=\"screen-reader-text\">EBW Awards palaa European Bridal Week 2026 -tapahtumaan<\/span><\/span><\/a><\/div><\/li>\n<li><div class=\"wp-block-latest-posts__featured-image aligncenter\"><img loading=\"lazy\" decoding=\"async\" width=\"990\" height=\"659\" src=\"https:\/\/www.nordicbridal.com\/wp-content\/uploads\/2026\/01\/EBW_fashionshow_MKL-12-1024x682.jpg\" class=\"attachment-large size-large wp-post-image\" alt=\"\" style=\"\" srcset=\"https:\/\/www.nordicbridal.com\/wp-content\/uploads\/2026\/01\/EBW_fashionshow_MKL-12-1024x682.jpg 1024w, https:\/\/www.nordicbridal.com\/wp-content\/uploads\/2026\/01\/EBW_fashionshow_MKL-12-300x200.jpg 300w, https:\/\/www.nordicbridal.com\/wp-content\/uploads\/2026\/01\/EBW_fashionshow_MKL-12-768x512.jpg 768w, https:\/\/www.nordicbridal.com\/wp-content\/uploads\/2026\/01\/EBW_fashionshow_MKL-12.jpg 1250w\" sizes=\"auto, (max-width: 990px) 100vw, 990px\" \/><\/div><a class=\"wp-block-latest-posts__post-title\" href=\"https:\/\/www.nordicbridal.com\/fi\/highlights-from-the-runway\/\">Catwalkin kohokohdat<\/a><time datetime=\"\" class=\"wp-block-latest-posts__post-date\"><\/time><div class=\"wp-block-latest-posts__post-excerpt\">\u00c4l\u00e4 missaa upeita muotin\u00e4yt\u00f6ksi\u00e4 European Bridal Weekiss\u00e4!  &hellip; <a href=\"https:\/\/www.nordicbridal.com\/fi\/highlights-from-the-runway\/\" class=\"more-link\"><span class=\"more-button\">L\u00e4s Mer<span class=\"screen-reader-text\">Catwalkin kohokohdat<\/span><\/span><\/a><\/div><\/li>\n<li><div class=\"wp-block-latest-posts__featured-image aligncenter\"><img loading=\"lazy\" decoding=\"async\" width=\"990\" height=\"660\" src=\"https:\/\/www.nordicbridal.com\/wp-content\/uploads\/2025\/06\/EBW_fashionshow_MKL-085-1024x683.jpg\" class=\"attachment-large size-large wp-post-image\" alt=\"European Bridal Week 2025\" style=\"\" srcset=\"https:\/\/www.nordicbridal.com\/wp-content\/uploads\/2025\/06\/EBW_fashionshow_MKL-085-1024x683.jpg 1024w, https:\/\/www.nordicbridal.com\/wp-content\/uploads\/2025\/06\/EBW_fashionshow_MKL-085-300x200.jpg 300w, https:\/\/www.nordicbridal.com\/wp-content\/uploads\/2025\/06\/EBW_fashionshow_MKL-085-768x512.jpg 768w, https:\/\/www.nordicbridal.com\/wp-content\/uploads\/2025\/06\/EBW_fashionshow_MKL-085-1536x1024.jpg 1536w, https:\/\/www.nordicbridal.com\/wp-content\/uploads\/2025\/06\/EBW_fashionshow_MKL-085-2048x1365.jpg 2048w\" sizes=\"auto, (max-width: 990px) 100vw, 990px\" \/><\/div><a class=\"wp-block-latest-posts__post-title\" href=\"https:\/\/www.nordicbridal.com\/fi\/trade-shows-2026\/\">Hankintamessut 2026<\/a><time datetime=\"\" class=\"wp-block-latest-posts__post-date\"><\/time><div class=\"wp-block-latest-posts__post-excerpt\">Overview of upcoming European trade shows in the bridal industry.  &hellip; <a href=\"https:\/\/www.nordicbridal.com\/fi\/trade-shows-2026\/\" class=\"more-link\"><span class=\"more-button\">L\u00e4s Mer<span class=\"screen-reader-text\">Hankintamessut 2026<\/span><\/span><\/a><\/div><\/li>\n<li><div class=\"wp-block-latest-posts__featured-image aligncenter\"><img loading=\"lazy\" decoding=\"async\" width=\"990\" height=\"645\" src=\"https:\/\/www.nordicbridal.com\/wp-content\/uploads\/2025\/12\/web_EBW-2026-_-Siegrid-Hampsink-1024x667.jpg\" class=\"attachment-large size-large wp-post-image\" alt=\"European Bridal Week 2026 - Siegrid Hampsink\" style=\"\" srcset=\"https:\/\/www.nordicbridal.com\/wp-content\/uploads\/2025\/12\/web_EBW-2026-_-Siegrid-Hampsink-1024x667.jpg 1024w, https:\/\/www.nordicbridal.com\/wp-content\/uploads\/2025\/12\/web_EBW-2026-_-Siegrid-Hampsink-300x195.jpg 300w, https:\/\/www.nordicbridal.com\/wp-content\/uploads\/2025\/12\/web_EBW-2026-_-Siegrid-Hampsink-768x500.jpg 768w, https:\/\/www.nordicbridal.com\/wp-content\/uploads\/2025\/12\/web_EBW-2026-_-Siegrid-Hampsink-1536x1000.jpg 1536w, https:\/\/www.nordicbridal.com\/wp-content\/uploads\/2025\/12\/web_EBW-2026-_-Siegrid-Hampsink.jpg 1920w\" sizes=\"auto, (max-width: 990px) 100vw, 990px\" \/><\/div><a class=\"wp-block-latest-posts__post-title\" href=\"https:\/\/www.nordicbridal.com\/fi\/we-know-the-industry-by-heart\/\">&#8220;Tunnemme alan l\u00e4pikotaisin&#8221;<\/a><time datetime=\"\" class=\"wp-block-latest-posts__post-date\"><\/time><div class=\"wp-block-latest-posts__post-excerpt\">Haastattelu: Siegrid Hampsink, European Bridal Weekin Event Director &hellip; <a href=\"https:\/\/www.nordicbridal.com\/fi\/we-know-the-industry-by-heart\/\" class=\"more-link\"><span class=\"more-button\">L\u00e4s Mer<span class=\"screen-reader-text\">&#8220;Tunnemme alan l\u00e4pikotaisin&#8221;<\/span><\/span><\/a><\/div><\/li>\n<li><div class=\"wp-block-latest-posts__featured-image aligncenter\"><img loading=\"lazy\" decoding=\"async\" width=\"990\" height=\"645\" src=\"https:\/\/www.nordicbridal.com\/wp-content\/uploads\/2025\/12\/web_EBW2026_EmbracingArtistry-01-1024x667.jpg\" class=\"attachment-large size-large wp-post-image\" alt=\"European Bridal Week 2026 - Embracing Artistry\" style=\"\" srcset=\"https:\/\/www.nordicbridal.com\/wp-content\/uploads\/2025\/12\/web_EBW2026_EmbracingArtistry-01-1024x667.jpg 1024w, https:\/\/www.nordicbridal.com\/wp-content\/uploads\/2025\/12\/web_EBW2026_EmbracingArtistry-01-300x195.jpg 300w, https:\/\/www.nordicbridal.com\/wp-content\/uploads\/2025\/12\/web_EBW2026_EmbracingArtistry-01-768x500.jpg 768w, https:\/\/www.nordicbridal.com\/wp-content\/uploads\/2025\/12\/web_EBW2026_EmbracingArtistry-01-1536x1000.jpg 1536w, https:\/\/www.nordicbridal.com\/wp-content\/uploads\/2025\/12\/web_EBW2026_EmbracingArtistry-01.jpg 1920w\" sizes=\"auto, (max-width: 990px) 100vw, 990px\" \/><\/div><a class=\"wp-block-latest-posts__post-title\" href=\"https:\/\/www.nordicbridal.com\/fi\/european-bridal-week-highlights-creativity-and-craftsmanship-in-2026\/\">European Bridal Week tuo esiin luovuuden ja k\u00e4sity\u00f6taidon vuonna 2026<\/a><time datetime=\"\" class=\"wp-block-latest-posts__post-date\"><\/time><div class=\"wp-block-latest-posts__post-excerpt\">Kun European Bridal Week avaa ovensa Messe Esseniss\u00e4 28.\u201330. maaliskuuta 2026, tapahtuma esittelee t\u00e4ysin uuden visuaalisen ilmeen ja selke\u00e4n viestin: morsiusmuoti on taidetta.  &hellip; <a href=\"https:\/\/www.nordicbridal.com\/fi\/european-bridal-week-highlights-creativity-and-craftsmanship-in-2026\/\" class=\"more-link\"><span class=\"more-button\">L\u00e4s Mer<span class=\"screen-reader-text\">European Bridal Week tuo esiin luovuuden ja k\u00e4sity\u00f6taidon vuonna 2026<\/span><\/span><\/a><\/div><\/li>\n<li><div class=\"wp-block-latest-posts__featured-image aligncenter\"><img loading=\"lazy\" decoding=\"async\" width=\"990\" height=\"660\" src=\"https:\/\/www.nordicbridal.com\/wp-content\/uploads\/2025\/06\/EBW_fashionshow_MKL-085-1024x683.jpg\" class=\"attachment-large size-large wp-post-image\" alt=\"European Bridal Week 2025\" style=\"\" srcset=\"https:\/\/www.nordicbridal.com\/wp-content\/uploads\/2025\/06\/EBW_fashionshow_MKL-085-1024x683.jpg 1024w, https:\/\/www.nordicbridal.com\/wp-content\/uploads\/2025\/06\/EBW_fashionshow_MKL-085-300x200.jpg 300w, https:\/\/www.nordicbridal.com\/wp-content\/uploads\/2025\/06\/EBW_fashionshow_MKL-085-768x512.jpg 768w, https:\/\/www.nordicbridal.com\/wp-content\/uploads\/2025\/06\/EBW_fashionshow_MKL-085-1536x1024.jpg 1536w, https:\/\/www.nordicbridal.com\/wp-content\/uploads\/2025\/06\/EBW_fashionshow_MKL-085-2048x1365.jpg 2048w\" sizes=\"auto, (max-width: 990px) 100vw, 990px\" \/><\/div><a class=\"wp-block-latest-posts__post-title\" href=\"https:\/\/www.nordicbridal.com\/fi\/european-bridal-week-a-success-2\/\">European Bridal Week \u2013 2025<\/a><time datetime=\"\" class=\"wp-block-latest-posts__post-date\"><\/time><div class=\"wp-block-latest-posts__post-excerpt\"> Ihana messu, t\u00e4ynn\u00e4 intoa, luovuutta ja kest\u00e4vyyteen keskittyv\u00e4\u00e4 ajattelua. &hellip; <a href=\"https:\/\/www.nordicbridal.com\/fi\/european-bridal-week-a-success-2\/\" class=\"more-link\"><span class=\"more-button\">L\u00e4s Mer<span class=\"screen-reader-text\">European Bridal Week \u2013 2025<\/span><\/span><\/a><\/div><\/li>\n<li><div class=\"wp-block-latest-posts__featured-image aligncenter\"><img loading=\"lazy\" decoding=\"async\" width=\"990\" height=\"645\" src=\"https:\/\/www.nordicbridal.com\/wp-content\/uploads\/2025\/01\/EBW-2025-Teaser-for-Nordic-Bridal-1920x1250-1-1024x667.png\" class=\"attachment-large size-large wp-post-image\" alt=\"European Bridal Week 2025 - crafting dreams into reality\" style=\"\" srcset=\"https:\/\/www.nordicbridal.com\/wp-content\/uploads\/2025\/01\/EBW-2025-Teaser-for-Nordic-Bridal-1920x1250-1-1024x667.png 1024w, https:\/\/www.nordicbridal.com\/wp-content\/uploads\/2025\/01\/EBW-2025-Teaser-for-Nordic-Bridal-1920x1250-1-300x195.png 300w, https:\/\/www.nordicbridal.com\/wp-content\/uploads\/2025\/01\/EBW-2025-Teaser-for-Nordic-Bridal-1920x1250-1-768x500.png 768w, https:\/\/www.nordicbridal.com\/wp-content\/uploads\/2025\/01\/EBW-2025-Teaser-for-Nordic-Bridal-1920x1250-1-1536x1000.png 1536w, https:\/\/www.nordicbridal.com\/wp-content\/uploads\/2025\/01\/EBW-2025-Teaser-for-Nordic-Bridal-1920x1250-1.png 1920w\" sizes=\"auto, (max-width: 990px) 100vw, 990px\" \/><\/div><a class=\"wp-block-latest-posts__post-title\" href=\"https:\/\/www.nordicbridal.com\/fi\/european-bridal-week-2024\/\">European Bridal Week: Paikka, jossa ideat ja unelmat kohtaavat<\/a><time datetime=\"\" class=\"wp-block-latest-posts__post-date\"><\/time><div class=\"wp-block-latest-posts__post-excerpt\">29.\u201331. maaliskuuta 2025 European Bridal Week avaa ovensa Messe Esseniss\u00e4, Saksassa.  &hellip; <a href=\"https:\/\/www.nordicbridal.com\/fi\/european-bridal-week-2024\/\" class=\"more-link\"><span class=\"more-button\">L\u00e4s Mer<span class=\"screen-reader-text\">European Bridal Week: Paikka, jossa ideat ja unelmat kohtaavat<\/span><\/span><\/a><\/div><\/li>\n<\/ul>","protected":false},"excerpt":{"rendered":"","protected":false},"author":2,"featured_media":728,"parent":0,"menu_order":0,"comment_status":"closed","ping_status":"closed","template":"","meta":{"footnotes":""},"class_list":["post-59","page","type-page","status-publish","has-post-thumbnail","hentry"],"translation":{"provider":"WPGlobus","version":"3.0.2","language":"fi","enabled_languages":["en","sv","no","da","fi"],"languages":{"en":{"title":true,"content":true,"excerpt":false},"sv":{"title":true,"content":true,"excerpt":false},"no":{"title":true,"content":true,"excerpt":false},"da":{"title":true,"content":true,"excerpt":false},"fi":{"title":true,"content":true,"excerpt":false}}},"_links":{"self":[{"href":"https:\/\/www.nordicbridal.com\/fi\/wp-json\/wp\/v2\/pages\/59","targetHints":{"allow":["GET"]}}],"collection":[{"href":"https:\/\/www.nordicbridal.com\/fi\/wp-json\/wp\/v2\/pages"}],"about":[{"href":"https:\/\/www.nordicbridal.com\/fi\/wp-json\/wp\/v2\/types\/page"}],"author":[{"embeddable":true,"href":"https:\/\/www.nordicbridal.com\/fi\/wp-json\/wp\/v2\/users\/2"}],"replies":[{"embeddable":true,"href":"https:\/\/www.nordicbridal.com\/fi\/wp-json\/wp\/v2\/comments?post=59"}],"version-history":[{"count":27,"href":"https:\/\/www.nordicbridal.com\/fi\/wp-json\/wp\/v2\/pages\/59\/revisions"}],"predecessor-version":[{"id":1632,"href":"https:\/\/www.nordicbridal.com\/fi\/wp-json\/wp\/v2\/pages\/59\/revisions\/1632"}],"wp:featuredmedia":[{"embeddable":true,"href":"https:\/\/www.nordicbridal.com\/fi\/wp-json\/wp\/v2\/media\/728"}],"wp:attachment":[{"href":"https:\/\/www.nordicbridal.com\/fi\/wp-json\/wp\/v2\/media?parent=59"}],"curies":[{"name":"wp","href":"https:\/\/api.w.org\/{rel}","templated":true}]}}