{"id":631,"date":"2020-05-26T10:51:39","date_gmt":"2020-05-26T08:51:39","guid":{"rendered":"http:\/\/www.nordicbridal.com\/?page_id=631"},"modified":"2022-04-06T12:05:50","modified_gmt":"2022-04-06T10:05:50","slug":"about-nordic-bridal","status":"publish","type":"page","link":"https:\/\/www.nordicbridal.com\/fi\/about-nordic-bridal\/","title":{"rendered":"Miksi Nordic Bridal?"},"content":{"rendered":"\n<h2 class=\"has-text-align-center wp-block-heading\">Vuodesta 2008 l\u00e4htien Nordic Bridal on toiminut mittaamattoman arvokkaana ty\u00f6kaluna h\u00e4\u00e4alan toimijoille.<\/h2>\n\n\n\n<p class=\"has-text-align-center\"><em>\u201dIstut nyt Pohjoismaiden ensimm\u00e4inen h\u00e4\u00e4muotialan business to business -lehti k\u00e4siss\u00e4si. Vain muutama vuosi sitten harva uskoi t\u00e4m\u00e4n hankkeen toteutumisen olevan mahdollista. Iso osa suurista toimittajista oli sit\u00e4 mielt\u00e4, ett\u00e4 Pohjoismaat vaikuttivat pienelt\u00e4 ja ep\u00e4kiinnostavalta markkina-alueelta.\u201d<\/em><\/p>\n\n\n\n<figure class=\"wp-block-image size-large\"><img loading=\"lazy\" decoding=\"async\" width=\"1024\" height=\"342\" src=\"http:\/\/www.nordicbridal.com\/wp-content\/uploads\/2020\/05\/NB_suomi-1024x342.jpg\" alt=\"\" class=\"wp-image-259\" srcset=\"https:\/\/www.nordicbridal.com\/wp-content\/uploads\/2020\/05\/NB_suomi-1024x342.jpg 1024w, https:\/\/www.nordicbridal.com\/wp-content\/uploads\/2020\/05\/NB_suomi-300x100.jpg 300w, https:\/\/www.nordicbridal.com\/wp-content\/uploads\/2020\/05\/NB_suomi-768x257.jpg 768w, https:\/\/www.nordicbridal.com\/wp-content\/uploads\/2020\/05\/NB_suomi-1536x513.jpg 1536w, https:\/\/www.nordicbridal.com\/wp-content\/uploads\/2020\/05\/NB_suomi-2048x684.jpg 2048w\" sizes=\"auto, (max-width: 1024px) 100vw, 1024px\" \/><\/figure>\n\n\n\n<p>N\u00e4in vastaava julkaisija Anders Wallgren kirjoitti p\u00e4\u00e4kirjoituksessaan lehden ensimm\u00e4isess\u00e4 numerossa, joka ilmestyi vuonna 2008. Mutta usko tulevaan ja pohjoismaisiin markkinoihin n\u00e4ytt\u00e4ytyi olevan askel juuri oikeaan suuntaan. Satsaus B2B -julkaisuun ja kehitys viimeisten 11 vuoden ajan ovat olleet upeaa seurattavaa. T\u00e4n\u00e4\u00e4n Pohjoismaat eiv\u00e4t my\u00f6sk\u00e4\u00e4n ole \u201dpieni ja ep\u00e4kiinnostava\u201d markkina-alue. T\u00e4n\u00e4 p\u00e4iv\u00e4n\u00e4 Pohjoismailla on suuri ostovoima ja merkitt\u00e4v\u00e4t toimittajat ovat k\u00e4ytt\u00e4neet paljon resursseja tehd\u00e4kseen nimens\u00e4 tunnetuksi my\u00f6s t\u00e4\u00e4ll\u00e4 pohjoisessa. T\u00e4st\u00e4 on suuri kiitt\u00e4minen liikkeit\u00e4, jotka p\u00e4ivitt\u00e4in tekev\u00e4t ty\u00f6t\u00e4 h\u00e4\u00e4alan vahvistamisen eteen ja varmistavat, ett\u00e4 viesti kulkee koko matkan loppukuluttajalle saakka.<\/p>\n\n\n\n<p>Nordic Bridal on sis\u00e4ll\u00f6ll\u00e4\u00e4n pyrkinyt jakamaan niin osaamista, tietoa, inspiraatiota kuin alan uusimpia kuulumisiakin. Inspiroivat artikkelit siit\u00e4, kuinka j\u00e4lleenmyyjien toimintaa voidaan tehostaa, vuorottelee toimittajien tiedotteiden, yhteystietojen sek\u00e4 olennaisten uutisten kanssa. Lehden my\u00f6t\u00e4 olette my\u00f6s voineet ottaa omalta osaltanne osaa suurten kansainv\u00e4listen sis\u00e4\u00e4nostomessujen tarjontaan sek\u00e4 solmineet arvokkaita suhteita kollegoiden kanssa ymp\u00e4ri maailman. Te lukijat olette my\u00f6s vuosien varrella jakaneet paljon tietoa, n\u00e4k\u00f6kulmia ja toiveita sis\u00e4lt\u00f6\u00f6n liittyen \u2013 mik\u00e4 on mahdollistanut alituisen kehittymisemme ja sellaisen tuotteen luomisen, joka on sek\u00e4 houkutteleva ett\u00e4 toivottava osa alaamme. Vahvuutemme on, ett\u00e4 ty\u00f6mme kattaa koko Pohjoismaat ja meit\u00e4 kantava voima on se, ett\u00e4 pystymme k\u00e4den kautta tavoittamaan syd\u00e4met ja se auttaa meit\u00e4 jatkamaan ty\u00f6t\u00e4mme.<\/p>\n\n\n\n<p>Vuosien aikana olemme saaneet paljon hyv\u00e4\u00e4 palautetta Nordic Bridalista sek\u00e4 j\u00e4lleenmyyjilt\u00e4 ett\u00e4 toimittajilta. T\u00e4h\u00e4n alle olemme listanneet muutaman asian, jotka on hyv\u00e4 aika ajoin kerrata.<\/p>\n\n\n\n<ul class=\"wp-block-list\"><li>Nordic Bridal on Pohjoismaiden ainoa h\u00e4\u00e4alan ammattilehti.<\/li><li>Sis\u00e4lt\u00f6 ei ole pelk\u00e4st\u00e4\u00e4n liikkeen omistajien saatavilla, vaan my\u00f6s henkil\u00f6kunnan n\u00e4ht\u00e4vill\u00e4. T\u00e4m\u00e4 tarkoittaa, ett\u00e4 kaikki saavat lukea uusimmat uutiset ja n\u00e4hd\u00e4 uusimmat mallistot.<\/li><li>Lehti toimitetaan kaikkiin Pohjoismaiden liikkeisiin. T\u00e4m\u00e4 tarkoittaa, ett\u00e4 my\u00f6s he, jotka eiv\u00e4t pysty matkaamaan messuille, saavat kuulla uutuuksista ja muista mielenkiintoisista asioista.<\/li><li>T\u00e4m\u00e4 lehti on alalle t\u00e4rke\u00e4, sill\u00e4 sen sis\u00e4lt\u00f6 auttaa lukijoita p\u00e4ivitt\u00e4m\u00e4\u00e4n tietonsa uutuuksista, messuista, uusista merkeist\u00e4 ja agenteista ja lis\u00e4ksi he saavat neuvoja ja vinkkej\u00e4 myyntiin, markkinointiin yms. liittyen.<\/li><li>Mainostajana vahvistat n\u00e4kyvyytt\u00e4si, mik\u00e4 puolestaan vahvistaa tuotemerkki\u00e4, mik\u00e4 puolestaan lis\u00e4\u00e4 liikkeiden myynti\u00e4.<\/li><\/ul>\n\n\n<div class=\"g g-5\"><div class=\"g-dyn a-11 c-1\"><a class=\"gofollow\" data-track=\"MTEsNSw2MA==\" href=\"https:\/\/www.treschicbridalwear.com\/\"><img decoding=\"async\" src=\"https:\/\/www.nordicbridal.com\/wp-content\/uploads\/2026\/02\/TCBanner_February2026-scaled.jpg\" \/><\/a><\/div><div class=\"g-dyn a-27 c-2\"><a class=\"gofollow\" data-track=\"MjcsNSw2MA==\" href=\"https:\/\/www.hilarymorgan.com\/\"><img decoding=\"async\" src=\"https:\/\/www.nordicbridal.com\/wp-content\/uploads\/2026\/03\/banner_HM_2026.jpg\" \/><\/a><\/div><div class=\"g-dyn a-12 c-3\"><a class=\"gofollow\" data-track=\"MTIsNSw2MA==\" href=\"https:\/\/monicaloretti.com\"><img decoding=\"async\" src=\"https:\/\/www.nordicbridal.com\/wp-content\/uploads\/2026\/02\/Monica-Loretti_NB_1800x360.png\" \/><\/a><\/div><div class=\"g-dyn a-18 c-4\"><a class=\"gofollow\" data-track=\"MTgsNSw2MA==\" href=\"https:\/\/globalbridalhouse.com\/nl\/\"><img decoding=\"async\" src=\"https:\/\/www.nordicbridal.com\/wp-content\/uploads\/2026\/03\/B2B-Banner-GBH-0326.jpg\" \/><\/a><\/div><div class=\"g-dyn a-29 c-5\"><a class=\"gofollow\" data-track=\"MjksNSw2MA==\" href=\"https:\/\/milanbride.dk\/\"><img decoding=\"async\" src=\"https:\/\/www.nordicbridal.com\/wp-content\/uploads\/2026\/03\/banner_milan-3.jpg\" \/><\/a><\/div><div class=\"g-dyn a-25 c-6\"><a class=\"gofollow\" data-track=\"MjUsNSw2MA==\" href=\"https:\/\/dianelegrandbridal.com\/\"><img decoding=\"async\" src=\"https:\/\/www.nordicbridal.com\/wp-content\/uploads\/2026\/03\/Unknown.gif\" \/><\/a><\/div><div class=\"g-dyn a-26 c-7\"><a class=\"gofollow\" data-track=\"MjYsNSw2MA==\" href=\"https:\/\/azureebridal.com\/\"><img decoding=\"async\" src=\"https:\/\/www.nordicbridal.com\/wp-content\/uploads\/2026\/03\/banner_azuree-2027-kollektion.jpg\" \/><\/a><\/div><div class=\"g-dyn a-24 c-8\"><a class=\"gofollow\" data-track=\"MjQsNSw2MA==\" href=\"https:\/\/www.demetrios.com\/en\/become-a-retailer \"><img decoding=\"async\" src=\"https:\/\/www.nordicbridal.com\/wp-content\/uploads\/2026\/04\/Demetrios-Banner_corrected.jpg\" \/><\/a><\/div><div class=\"g-dyn a-4 c-9\"><a class=\"gofollow\" data-track=\"NCw1LDYw\" href=\"https:\/\/www.justinalexander.com\"><img decoding=\"async\" src=\"https:\/\/www.nordicbridal.com\/wp-content\/uploads\/2026\/03\/justin-alexander-banner.png\" \/><\/a><\/div><\/div>\n","protected":false},"excerpt":{"rendered":"<p>Vuodesta 2008 l\u00e4htien Nordic Bridal on toiminut mittaamattoman arvokkaana ty\u00f6kaluna h\u00e4\u00e4alan toimijoille. \u201dIstut nyt Pohjoismaiden ensimm\u00e4inen h\u00e4\u00e4muotialan business to business &hellip; <a href=\"https:\/\/www.nordicbridal.com\/fi\/about-nordic-bridal\/\" class=\"more-link\"><span class=\"more-button\">L\u00e4s Mer<span class=\"screen-reader-text\">Miksi Nordic Bridal?<\/span><\/span><\/a><\/p>\n","protected":false},"author":2,"featured_media":0,"parent":0,"menu_order":0,"comment_status":"closed","ping_status":"closed","template":"","meta":{"footnotes":""},"class_list":["post-631","page","type-page","status-publish","hentry"],"translation":{"provider":"WPGlobus","version":"3.0.2","language":"fi","enabled_languages":["en","sv","no","da","fi"],"languages":{"en":{"title":true,"content":true,"excerpt":false},"sv":{"title":true,"content":true,"excerpt":false},"no":{"title":true,"content":true,"excerpt":false},"da":{"title":true,"content":true,"excerpt":false},"fi":{"title":true,"content":true,"excerpt":false}}},"_links":{"self":[{"href":"https:\/\/www.nordicbridal.com\/fi\/wp-json\/wp\/v2\/pages\/631","targetHints":{"allow":["GET"]}}],"collection":[{"href":"https:\/\/www.nordicbridal.com\/fi\/wp-json\/wp\/v2\/pages"}],"about":[{"href":"https:\/\/www.nordicbridal.com\/fi\/wp-json\/wp\/v2\/types\/page"}],"author":[{"embeddable":true,"href":"https:\/\/www.nordicbridal.com\/fi\/wp-json\/wp\/v2\/users\/2"}],"replies":[{"embeddable":true,"href":"https:\/\/www.nordicbridal.com\/fi\/wp-json\/wp\/v2\/comments?post=631"}],"version-history":[{"count":16,"href":"https:\/\/www.nordicbridal.com\/fi\/wp-json\/wp\/v2\/pages\/631\/revisions"}],"predecessor-version":[{"id":1612,"href":"https:\/\/www.nordicbridal.com\/fi\/wp-json\/wp\/v2\/pages\/631\/revisions\/1612"}],"wp:attachment":[{"href":"https:\/\/www.nordicbridal.com\/fi\/wp-json\/wp\/v2\/media?parent=631"}],"curies":[{"name":"wp","href":"https:\/\/api.w.org\/{rel}","templated":true}]}}