{"id":55,"date":"2020-05-13T11:34:26","date_gmt":"2020-05-13T09:34:26","guid":{"rendered":"http:\/\/dev.nordicbridal.com\/?page_id=55"},"modified":"2022-04-06T12:29:33","modified_gmt":"2022-04-06T10:29:33","slug":"news","status":"publish","type":"page","link":"https:\/\/www.nordicbridal.com\/no\/news\/","title":{"rendered":"Nyheter"},"content":{"rendered":"<div class=\"g g-3\"><div class=\"g-dyn a-11 c-1\"><a class=\"gofollow\" data-track=\"MTEsMyw2MA==\" href=\"https:\/\/www.treschicbridalwear.com\/\"><img decoding=\"async\" src=\"https:\/\/www.nordicbridal.com\/wp-content\/uploads\/2026\/02\/TCBanner_February2026-scaled.jpg\" \/><\/a><\/div><div class=\"g-dyn a-29 c-2\"><a class=\"gofollow\" data-track=\"MjksMyw2MA==\" href=\"https:\/\/milanbride.dk\/\"><img decoding=\"async\" src=\"https:\/\/www.nordicbridal.com\/wp-content\/uploads\/2026\/03\/banner_milan-3.jpg\" \/><\/a><\/div><div class=\"g-dyn a-4 c-3\"><a class=\"gofollow\" data-track=\"NCwzLDYw\" href=\"https:\/\/www.justinalexander.com\"><img decoding=\"async\" src=\"https:\/\/www.nordicbridal.com\/wp-content\/uploads\/2026\/03\/justin-alexander-banner.png\" \/><\/a><\/div><div class=\"g-dyn a-12 c-4\"><a class=\"gofollow\" data-track=\"MTIsMyw2MA==\" href=\"https:\/\/monicaloretti.com\"><img decoding=\"async\" src=\"https:\/\/www.nordicbridal.com\/wp-content\/uploads\/2026\/02\/Monica-Loretti_NB_1800x360.png\" \/><\/a><\/div><div class=\"g-dyn a-25 c-5\"><a class=\"gofollow\" data-track=\"MjUsMyw2MA==\" href=\"https:\/\/dianelegrandbridal.com\/\"><img decoding=\"async\" src=\"https:\/\/www.nordicbridal.com\/wp-content\/uploads\/2026\/03\/Unknown.gif\" \/><\/a><\/div><div class=\"g-dyn a-24 c-6\"><a class=\"gofollow\" data-track=\"MjQsMyw2MA==\" href=\"https:\/\/www.demetrios.com\/en\/become-a-retailer \"><img decoding=\"async\" src=\"https:\/\/www.nordicbridal.com\/wp-content\/uploads\/2026\/04\/Demetrios-Banner_corrected.jpg\" \/><\/a><\/div><div class=\"g-dyn a-27 c-7\"><a class=\"gofollow\" data-track=\"MjcsMyw2MA==\" href=\"https:\/\/www.hilarymorgan.com\/\"><img decoding=\"async\" src=\"https:\/\/www.nordicbridal.com\/wp-content\/uploads\/2026\/03\/banner_HM_2026.jpg\" \/><\/a><\/div><div class=\"g-dyn a-18 c-8\"><a class=\"gofollow\" data-track=\"MTgsMyw2MA==\" href=\"https:\/\/globalbridalhouse.com\/nl\/\"><img decoding=\"async\" src=\"https:\/\/www.nordicbridal.com\/wp-content\/uploads\/2026\/03\/B2B-Banner-GBH-0326.jpg\" \/><\/a><\/div><div class=\"g-dyn a-26 c-9\"><a class=\"gofollow\" data-track=\"MjYsMyw2MA==\" href=\"https:\/\/azureebridal.com\/\"><img decoding=\"async\" src=\"https:\/\/www.nordicbridal.com\/wp-content\/uploads\/2026\/03\/banner_azuree-2027-kollektion.jpg\" \/><\/a><\/div><\/div>\n\n\n\n<p><\/p>\n\n\n<ul class=\"wp-block-latest-posts__list is-grid columns-2 has-dates aligncenter wp-block-latest-posts\"><li><div class=\"wp-block-latest-posts__featured-image aligncenter\"><img loading=\"lazy\" decoding=\"async\" width=\"990\" height=\"645\" src=\"https:\/\/www.nordicbridal.com\/wp-content\/uploads\/2026\/04\/weB_1567_2-teaser-1024x667.jpg\" class=\"attachment-large size-large wp-post-image\" alt=\"Style 1567 - Demetrios Collection\" style=\"\" srcset=\"https:\/\/www.nordicbridal.com\/wp-content\/uploads\/2026\/04\/weB_1567_2-teaser-1024x667.jpg 1024w, https:\/\/www.nordicbridal.com\/wp-content\/uploads\/2026\/04\/weB_1567_2-teaser-300x195.jpg 300w, https:\/\/www.nordicbridal.com\/wp-content\/uploads\/2026\/04\/weB_1567_2-teaser-768x500.jpg 768w, https:\/\/www.nordicbridal.com\/wp-content\/uploads\/2026\/04\/weB_1567_2-teaser-1536x1000.jpg 1536w, https:\/\/www.nordicbridal.com\/wp-content\/uploads\/2026\/04\/weB_1567_2-teaser.jpg 1920w\" sizes=\"auto, (max-width: 990px) 100vw, 990px\" \/><\/div><a class=\"wp-block-latest-posts__post-title\" href=\"https:\/\/www.nordicbridal.com\/no\/demetrios-unveils-2027-collections\/\">Demetrios viser 2027-kolleksjonene<\/a><time datetime=\"\" class=\"wp-block-latest-posts__post-date\"><\/time><div class=\"wp-block-latest-posts__post-excerpt\">En fortsatt markering av 45 \u00e5r med uts\u00f8kt brudemote &hellip; <a href=\"https:\/\/www.nordicbridal.com\/no\/demetrios-unveils-2027-collections\/\" class=\"more-link\"><span class=\"more-button\">L\u00e4s Mer<span class=\"screen-reader-text\">Demetrios viser 2027-kolleksjonene<\/span><\/span><\/a><\/div><\/li>\n<li><div class=\"wp-block-latest-posts__featured-image aligncenter\"><img loading=\"lazy\" decoding=\"async\" width=\"990\" height=\"645\" src=\"https:\/\/www.nordicbridal.com\/wp-content\/uploads\/2024\/03\/web_229A7479-1024x667.jpg\" class=\"attachment-large size-large wp-post-image\" alt=\"Milan 2027\" style=\"\" srcset=\"https:\/\/www.nordicbridal.com\/wp-content\/uploads\/2024\/03\/web_229A7479-1024x667.jpg 1024w, https:\/\/www.nordicbridal.com\/wp-content\/uploads\/2024\/03\/web_229A7479-300x195.jpg 300w, https:\/\/www.nordicbridal.com\/wp-content\/uploads\/2024\/03\/web_229A7479-768x500.jpg 768w, https:\/\/www.nordicbridal.com\/wp-content\/uploads\/2024\/03\/web_229A7479-1536x1000.jpg 1536w, https:\/\/www.nordicbridal.com\/wp-content\/uploads\/2024\/03\/web_229A7479.jpg 1920w\" sizes=\"auto, (max-width: 990px) 100vw, 990px\" \/><\/div><a class=\"wp-block-latest-posts__post-title\" href=\"https:\/\/www.nordicbridal.com\/no\/milan-2027-en-ny-aera-inden-for-moderne-brudedesign\/\">Milan 2027 \u2013 En ny \u00e6ra innen moderne brudedesign<\/a><time datetime=\"\" class=\"wp-block-latest-posts__post-date\"><\/time><div class=\"wp-block-latest-posts__post-excerpt\">Kolleksjonene presenteres for f\u00f8rste gang p\u00e5 de internasjonale messene i Essen og Barcelona  &hellip; <a href=\"https:\/\/www.nordicbridal.com\/no\/milan-2027-en-ny-aera-inden-for-moderne-brudedesign\/\" class=\"more-link\"><span class=\"more-button\">L\u00e4s Mer<span class=\"screen-reader-text\">Milan 2027 \u2013 En ny \u00e6ra innen moderne brudedesign<\/span><\/span><\/a><\/div><\/li>\n<li><div class=\"wp-block-latest-posts__featured-image aligncenter\"><img loading=\"lazy\" decoding=\"async\" width=\"990\" height=\"645\" src=\"https:\/\/www.nordicbridal.com\/wp-content\/uploads\/2026\/03\/teaser_Faye-Azuree-Bridal-Close-1024x667.jpg\" class=\"attachment-large size-large wp-post-image\" alt=\"Faye - Azuree Bridal 2027 collection\" style=\"\" srcset=\"https:\/\/www.nordicbridal.com\/wp-content\/uploads\/2026\/03\/teaser_Faye-Azuree-Bridal-Close-1024x667.jpg 1024w, https:\/\/www.nordicbridal.com\/wp-content\/uploads\/2026\/03\/teaser_Faye-Azuree-Bridal-Close-300x195.jpg 300w, https:\/\/www.nordicbridal.com\/wp-content\/uploads\/2026\/03\/teaser_Faye-Azuree-Bridal-Close-768x500.jpg 768w, https:\/\/www.nordicbridal.com\/wp-content\/uploads\/2026\/03\/teaser_Faye-Azuree-Bridal-Close-1536x1000.jpg 1536w, https:\/\/www.nordicbridal.com\/wp-content\/uploads\/2026\/03\/teaser_Faye-Azuree-Bridal-Close.jpg 1920w\" sizes=\"auto, (max-width: 990px) 100vw, 990px\" \/><\/div><a class=\"wp-block-latest-posts__post-title\" href=\"https:\/\/www.nordicbridal.com\/no\/one-year-of-azuree-bridal\/\">Ett \u00e5r med Azuree Bridal<\/a><time datetime=\"\" class=\"wp-block-latest-posts__post-date\"><\/time><div class=\"wp-block-latest-posts__post-excerpt\">Olaf Van den Brink om vekst, familie og det \u00e5 bygge et moderne brudemerke med hjerte &hellip; <a href=\"https:\/\/www.nordicbridal.com\/no\/one-year-of-azuree-bridal\/\" class=\"more-link\"><span class=\"more-button\">L\u00e4s Mer<span class=\"screen-reader-text\">Ett \u00e5r med Azuree Bridal<\/span><\/span><\/a><\/div><\/li>\n<li><div class=\"wp-block-latest-posts__featured-image aligncenter\"><img loading=\"lazy\" decoding=\"async\" width=\"990\" height=\"645\" src=\"https:\/\/www.nordicbridal.com\/wp-content\/uploads\/2026\/03\/Modeca-Magical-collection_landscape-image-1024x667.jpg\" class=\"attachment-large size-large wp-post-image\" alt=\"Modeca - Magical collection_landscape image\" style=\"\" srcset=\"https:\/\/www.nordicbridal.com\/wp-content\/uploads\/2026\/03\/Modeca-Magical-collection_landscape-image-1024x667.jpg 1024w, https:\/\/www.nordicbridal.com\/wp-content\/uploads\/2026\/03\/Modeca-Magical-collection_landscape-image-300x195.jpg 300w, https:\/\/www.nordicbridal.com\/wp-content\/uploads\/2026\/03\/Modeca-Magical-collection_landscape-image-768x500.jpg 768w, https:\/\/www.nordicbridal.com\/wp-content\/uploads\/2026\/03\/Modeca-Magical-collection_landscape-image-1536x1000.jpg 1536w, https:\/\/www.nordicbridal.com\/wp-content\/uploads\/2026\/03\/Modeca-Magical-collection_landscape-image.jpg 1920w\" sizes=\"auto, (max-width: 990px) 100vw, 990px\" \/><\/div><a class=\"wp-block-latest-posts__post-title\" href=\"https:\/\/www.nordicbridal.com\/no\/global-bridal-house-unveils-2027-collections\/\">Global Bridal House lanserer 2027-kolleksjonene:<\/a><time datetime=\"\" class=\"wp-block-latest-posts__post-date\"><\/time><div class=\"wp-block-latest-posts__post-excerpt\">Tidl\u00f8s eleganse, moderne romantikk og uforglemmelig stil &hellip; <a href=\"https:\/\/www.nordicbridal.com\/no\/global-bridal-house-unveils-2027-collections\/\" class=\"more-link\"><span class=\"more-button\">L\u00e4s Mer<span class=\"screen-reader-text\">Global Bridal House lanserer 2027-kolleksjonene:<\/span><\/span><\/a><\/div><\/li>\n<li><div class=\"wp-block-latest-posts__featured-image aligncenter\"><img loading=\"lazy\" decoding=\"async\" width=\"990\" height=\"645\" src=\"https:\/\/www.nordicbridal.com\/wp-content\/uploads\/2026\/03\/EBW-2025-Fashion-Show-07-1024x667.jpg\" class=\"attachment-large size-large wp-post-image\" alt=\"\" style=\"\" srcset=\"https:\/\/www.nordicbridal.com\/wp-content\/uploads\/2026\/03\/EBW-2025-Fashion-Show-07-1024x667.jpg 1024w, https:\/\/www.nordicbridal.com\/wp-content\/uploads\/2026\/03\/EBW-2025-Fashion-Show-07-300x195.jpg 300w, https:\/\/www.nordicbridal.com\/wp-content\/uploads\/2026\/03\/EBW-2025-Fashion-Show-07-768x500.jpg 768w, https:\/\/www.nordicbridal.com\/wp-content\/uploads\/2026\/03\/EBW-2025-Fashion-Show-07-1536x1000.jpg 1536w, https:\/\/www.nordicbridal.com\/wp-content\/uploads\/2026\/03\/EBW-2025-Fashion-Show-07.jpg 1920w\" sizes=\"auto, (max-width: 990px) 100vw, 990px\" \/><\/div><a class=\"wp-block-latest-posts__post-title\" href=\"https:\/\/www.nordicbridal.com\/no\/european-bridal-week-2026-introduces-a-new-catwalk-experience\/\">European Bridal Week 2026 byr p\u00e5 ny catwalk-opplevelse<\/a><time datetime=\"\" class=\"wp-block-latest-posts__post-date\"><\/time><div class=\"wp-block-latest-posts__post-excerpt\">European Bridal Week 2026 tar brudemoten til et nytt niv\u00e5 \u2013 b\u00e5de n\u00e5r det gjelder kolleksjoner og hvordan de presenteres. &hellip; <a href=\"https:\/\/www.nordicbridal.com\/no\/european-bridal-week-2026-introduces-a-new-catwalk-experience\/\" class=\"more-link\"><span class=\"more-button\">L\u00e4s Mer<span class=\"screen-reader-text\">European Bridal Week 2026 byr p\u00e5 ny catwalk-opplevelse<\/span><\/span><\/a><\/div><\/li>\n<li><div class=\"wp-block-latest-posts__featured-image aligncenter\"><img loading=\"lazy\" decoding=\"async\" width=\"990\" height=\"645\" src=\"https:\/\/www.nordicbridal.com\/wp-content\/uploads\/2026\/03\/teaser_JAG-1024x667.jpg\" class=\"attachment-large size-large wp-post-image\" alt=\"Justin Alexander group\" style=\"\" srcset=\"https:\/\/www.nordicbridal.com\/wp-content\/uploads\/2026\/03\/teaser_JAG-1024x667.jpg 1024w, https:\/\/www.nordicbridal.com\/wp-content\/uploads\/2026\/03\/teaser_JAG-300x195.jpg 300w, https:\/\/www.nordicbridal.com\/wp-content\/uploads\/2026\/03\/teaser_JAG-768x500.jpg 768w, https:\/\/www.nordicbridal.com\/wp-content\/uploads\/2026\/03\/teaser_JAG-1536x1000.jpg 1536w, https:\/\/www.nordicbridal.com\/wp-content\/uploads\/2026\/03\/teaser_JAG.jpg 1920w\" sizes=\"auto, (max-width: 990px) 100vw, 990px\" \/><\/div><a class=\"wp-block-latest-posts__post-title\" href=\"https:\/\/www.nordicbridal.com\/no\/fall-winter-2026-bridal-trends-from-justin-alexander-group\/\">Brudetrender H\u00f8st\/Vinter 2026 fra Justin Alexander Group<\/a><time datetime=\"\" class=\"wp-block-latest-posts__post-date\"><\/time><div class=\"wp-block-latest-posts__post-excerpt\">Justin Alexander Group presenterer et nytt perspektiv p\u00e5 brudemote for den kommende sesongen. &hellip; <a href=\"https:\/\/www.nordicbridal.com\/no\/fall-winter-2026-bridal-trends-from-justin-alexander-group\/\" class=\"more-link\"><span class=\"more-button\">L\u00e4s Mer<span class=\"screen-reader-text\">Brudetrender H\u00f8st\/Vinter 2026 fra Justin Alexander Group<\/span><\/span><\/a><\/div><\/li>\n<li><div class=\"wp-block-latest-posts__featured-image aligncenter\"><img loading=\"lazy\" decoding=\"async\" width=\"990\" height=\"660\" src=\"https:\/\/www.nordicbridal.com\/wp-content\/uploads\/2026\/03\/12A8447-Edit-1024x683.jpg\" class=\"attachment-large size-large wp-post-image\" alt=\"Diane Legrand\" style=\"\" srcset=\"https:\/\/www.nordicbridal.com\/wp-content\/uploads\/2026\/03\/12A8447-Edit-1024x683.jpg 1024w, https:\/\/www.nordicbridal.com\/wp-content\/uploads\/2026\/03\/12A8447-Edit-300x200.jpg 300w, https:\/\/www.nordicbridal.com\/wp-content\/uploads\/2026\/03\/12A8447-Edit-768x512.jpg 768w, https:\/\/www.nordicbridal.com\/wp-content\/uploads\/2026\/03\/12A8447-Edit-1536x1025.jpg 1536w, https:\/\/www.nordicbridal.com\/wp-content\/uploads\/2026\/03\/12A8447-Edit.jpg 1920w\" sizes=\"auto, (max-width: 990px) 100vw, 990px\" \/><\/div><a class=\"wp-block-latest-posts__post-title\" href=\"https:\/\/www.nordicbridal.com\/no\/who-is-diane-legrand\/\">Hvem er Diane Legrand?<\/a><time datetime=\"\" class=\"wp-block-latest-posts__post-date\"><\/time><div class=\"wp-block-latest-posts__post-excerpt\">Diane Legrand er mer enn bare et brudemerke \u2013 det er en familiehistorie, drevet av en ekte lidenskap for brudecouture.  &hellip; <a href=\"https:\/\/www.nordicbridal.com\/no\/who-is-diane-legrand\/\" class=\"more-link\"><span class=\"more-button\">L\u00e4s Mer<span class=\"screen-reader-text\">Hvem er Diane Legrand?<\/span><\/span><\/a><\/div><\/li>\n<li><div class=\"wp-block-latest-posts__featured-image aligncenter\"><img loading=\"lazy\" decoding=\"async\" width=\"990\" height=\"645\" src=\"https:\/\/www.nordicbridal.com\/wp-content\/uploads\/2025\/03\/weB_hilary_teaser_B1033-1024x667.jpg\" class=\"attachment-large size-large wp-post-image\" alt=\"Hilary Morgan\" style=\"\" srcset=\"https:\/\/www.nordicbridal.com\/wp-content\/uploads\/2025\/03\/weB_hilary_teaser_B1033-1024x667.jpg 1024w, https:\/\/www.nordicbridal.com\/wp-content\/uploads\/2025\/03\/weB_hilary_teaser_B1033-300x195.jpg 300w, https:\/\/www.nordicbridal.com\/wp-content\/uploads\/2025\/03\/weB_hilary_teaser_B1033-768x500.jpg 768w, https:\/\/www.nordicbridal.com\/wp-content\/uploads\/2025\/03\/weB_hilary_teaser_B1033-1536x1000.jpg 1536w, https:\/\/www.nordicbridal.com\/wp-content\/uploads\/2025\/03\/weB_hilary_teaser_B1033.jpg 1920w\" sizes=\"auto, (max-width: 990px) 100vw, 990px\" \/><\/div><a class=\"wp-block-latest-posts__post-title\" href=\"https:\/\/www.nordicbridal.com\/no\/hilary-morgan-the-bridal-brand-that-elevates-your-boutique\/\">Hilary Morgan &#8211; merket som l\u00f8fter butikken din!<\/a><time datetime=\"\" class=\"wp-block-latest-posts__post-date\"><\/time><div class=\"wp-block-latest-posts__post-excerpt\">I over 30 \u00e5r har Hilary Morgan v\u00e6rt et anerkjent navn i brudemoteindustrien og s\u00f8rget for at hver enkelt f\u00f8ler seg som en prinsesse p\u00e5 sin store dag. &hellip; <a href=\"https:\/\/www.nordicbridal.com\/no\/hilary-morgan-the-bridal-brand-that-elevates-your-boutique\/\" class=\"more-link\"><span class=\"more-button\">L\u00e4s Mer<span class=\"screen-reader-text\">Hilary Morgan &#8211; merket som l\u00f8fter butikken din!<\/span><\/span><\/a><\/div><\/li>\n<li><div class=\"wp-block-latest-posts__featured-image aligncenter\"><img loading=\"lazy\" decoding=\"async\" width=\"990\" height=\"645\" src=\"https:\/\/www.nordicbridal.com\/wp-content\/uploads\/2026\/02\/teaser_8395e-1024x667.jpg\" class=\"attachment-large size-large wp-post-image\" alt=\"Monica Loretti - 8395e\" style=\"\" srcset=\"https:\/\/www.nordicbridal.com\/wp-content\/uploads\/2026\/02\/teaser_8395e-1024x667.jpg 1024w, https:\/\/www.nordicbridal.com\/wp-content\/uploads\/2026\/02\/teaser_8395e-300x195.jpg 300w, https:\/\/www.nordicbridal.com\/wp-content\/uploads\/2026\/02\/teaser_8395e-768x500.jpg 768w, https:\/\/www.nordicbridal.com\/wp-content\/uploads\/2026\/02\/teaser_8395e-1536x1000.jpg 1536w, https:\/\/www.nordicbridal.com\/wp-content\/uploads\/2026\/02\/teaser_8395e.jpg 1920w\" sizes=\"auto, (max-width: 990px) 100vw, 990px\" \/><\/div><a class=\"wp-block-latest-posts__post-title\" href=\"https:\/\/www.nordicbridal.com\/no\/monica-loretti-balancing-bold-expression-and-wearable-reality-in-2026-bridal-fashion\/\">Monica Loretti: Balansen mellom sterk design og b\u00e6rbar virkelighet i brudemoten 2026<\/a><time datetime=\"\" class=\"wp-block-latest-posts__post-date\"><\/time><div class=\"wp-block-latest-posts__post-excerpt\">Kolleksjonene m\u00e5 tilby b\u00e5de wow-effekt og komfort for \u00e5 m\u00f8te dagens bruders forventninger. &hellip; <a href=\"https:\/\/www.nordicbridal.com\/no\/monica-loretti-balancing-bold-expression-and-wearable-reality-in-2026-bridal-fashion\/\" class=\"more-link\"><span class=\"more-button\">L\u00e4s Mer<span class=\"screen-reader-text\">Monica Loretti: Balansen mellom sterk design og b\u00e6rbar virkelighet i brudemoten 2026<\/span><\/span><\/a><\/div><\/li>\n<li><div class=\"wp-block-latest-posts__featured-image aligncenter\"><img loading=\"lazy\" decoding=\"async\" width=\"990\" height=\"660\" src=\"https:\/\/www.nordicbridal.com\/wp-content\/uploads\/2026\/01\/ebw_gallery_2025_137-1024x683.jpg\" class=\"attachment-large size-large wp-post-image\" alt=\"Trade show ready\" style=\"\" srcset=\"https:\/\/www.nordicbridal.com\/wp-content\/uploads\/2026\/01\/ebw_gallery_2025_137-1024x683.jpg 1024w, https:\/\/www.nordicbridal.com\/wp-content\/uploads\/2026\/01\/ebw_gallery_2025_137-300x200.jpg 300w, https:\/\/www.nordicbridal.com\/wp-content\/uploads\/2026\/01\/ebw_gallery_2025_137-768x512.jpg 768w, https:\/\/www.nordicbridal.com\/wp-content\/uploads\/2026\/01\/ebw_gallery_2025_137-1536x1024.jpg 1536w, https:\/\/www.nordicbridal.com\/wp-content\/uploads\/2026\/01\/ebw_gallery_2025_137.jpg 1875w\" sizes=\"auto, (max-width: 990px) 100vw, 990px\" \/><\/div><a class=\"wp-block-latest-posts__post-title\" href=\"https:\/\/www.nordicbridal.com\/no\/trade-show-ready-how-to-make-the-most-of-your-visit\/\">Klar for messe<\/a><time datetime=\"\" class=\"wp-block-latest-posts__post-date\"><\/time><div class=\"wp-block-latest-posts__post-excerpt\"> Vi gir tipsene som gir deg maks utbytte av \u00e5rets messer. &hellip; <a href=\"https:\/\/www.nordicbridal.com\/no\/trade-show-ready-how-to-make-the-most-of-your-visit\/\" class=\"more-link\"><span class=\"more-button\">L\u00e4s Mer<span class=\"screen-reader-text\">Klar for messe<\/span><\/span><\/a><\/div><\/li>\n<li><div class=\"wp-block-latest-posts__featured-image aligncenter\"><img loading=\"lazy\" decoding=\"async\" width=\"990\" height=\"645\" src=\"https:\/\/www.nordicbridal.com\/wp-content\/uploads\/2020\/05\/problem3-1024x667-1.jpg\" class=\"attachment-large size-large wp-post-image\" alt=\"\" style=\"\" srcset=\"https:\/\/www.nordicbridal.com\/wp-content\/uploads\/2020\/05\/problem3-1024x667-1.jpg 1024w, https:\/\/www.nordicbridal.com\/wp-content\/uploads\/2020\/05\/problem3-1024x667-1-300x195.jpg 300w, https:\/\/www.nordicbridal.com\/wp-content\/uploads\/2020\/05\/problem3-1024x667-1-768x500.jpg 768w\" sizes=\"auto, (max-width: 990px) 100vw, 990px\" \/><\/div><a class=\"wp-block-latest-posts__post-title\" href=\"https:\/\/www.nordicbridal.com\/no\/how-to-deal-with-problems-in-your-shop\/\">Slik h\u00e5ndterer du problemer i butikken p\u00e5 best mulig m\u00e5te<\/a><time datetime=\"\" class=\"wp-block-latest-posts__post-date\"><\/time><div class=\"wp-block-latest-posts__post-excerpt\">Bruder in spe ble i en unders\u00f8kelse spurt om hvilke problemer de m\u00f8tte i jakten p\u00e5 brudekjolen. Vi har svarene \u2013 og ogs\u00e5 l\u00f8sningene! &hellip; <a href=\"https:\/\/www.nordicbridal.com\/no\/how-to-deal-with-problems-in-your-shop\/\" class=\"more-link\"><span class=\"more-button\">L\u00e4s Mer<span class=\"screen-reader-text\">Slik h\u00e5ndterer du problemer i butikken p\u00e5 best mulig m\u00e5te<\/span><\/span><\/a><\/div><\/li>\n<li><div class=\"wp-block-latest-posts__featured-image aligncenter\"><img loading=\"lazy\" decoding=\"async\" width=\"990\" height=\"645\" src=\"https:\/\/www.nordicbridal.com\/wp-content\/uploads\/2022\/02\/pexels-polina-tankilevitch-liggande-1024x667.jpg\" class=\"attachment-large size-large wp-post-image\" alt=\"no more stains\" style=\"\" srcset=\"https:\/\/www.nordicbridal.com\/wp-content\/uploads\/2022\/02\/pexels-polina-tankilevitch-liggande-1024x667.jpg 1024w, https:\/\/www.nordicbridal.com\/wp-content\/uploads\/2022\/02\/pexels-polina-tankilevitch-liggande-300x195.jpg 300w, https:\/\/www.nordicbridal.com\/wp-content\/uploads\/2022\/02\/pexels-polina-tankilevitch-liggande-768x500.jpg 768w, https:\/\/www.nordicbridal.com\/wp-content\/uploads\/2022\/02\/pexels-polina-tankilevitch-liggande-1536x1000.jpg 1536w, https:\/\/www.nordicbridal.com\/wp-content\/uploads\/2022\/02\/pexels-polina-tankilevitch-liggande.jpg 1920w\" sizes=\"auto, (max-width: 990px) 100vw, 990px\" \/><\/div><a class=\"wp-block-latest-posts__post-title\" href=\"https:\/\/www.nordicbridal.com\/no\/no-more-stains\/\">Flekkfritt<\/a><time datetime=\"\" class=\"wp-block-latest-posts__post-date\"><\/time><div class=\"wp-block-latest-posts__post-excerpt\">Flekker p\u00e5 kl\u00e6rne som er vanskelige \u00e5 f\u00e5 bort?  Nordic Bridal gir deg knepene. &hellip; <a href=\"https:\/\/www.nordicbridal.com\/no\/no-more-stains\/\" class=\"more-link\"><span class=\"more-button\">L\u00e4s Mer<span class=\"screen-reader-text\">Flekkfritt<\/span><\/span><\/a><\/div><\/li>\n<\/ul>","protected":false},"excerpt":{"rendered":"","protected":false},"author":2,"featured_media":0,"parent":0,"menu_order":0,"comment_status":"closed","ping_status":"closed","template":"","meta":{"footnotes":""},"class_list":["post-55","page","type-page","status-publish","hentry"],"translation":{"provider":"WPGlobus","version":"3.0.2","language":"no","enabled_languages":["en","sv","no","da","fi"],"languages":{"en":{"title":true,"content":true,"excerpt":false},"sv":{"title":true,"content":true,"excerpt":false},"no":{"title":true,"content":true,"excerpt":false},"da":{"title":true,"content":true,"excerpt":false},"fi":{"title":true,"content":true,"excerpt":false}}},"_links":{"self":[{"href":"https:\/\/www.nordicbridal.com\/no\/wp-json\/wp\/v2\/pages\/55","targetHints":{"allow":["GET"]}}],"collection":[{"href":"https:\/\/www.nordicbridal.com\/no\/wp-json\/wp\/v2\/pages"}],"about":[{"href":"https:\/\/www.nordicbridal.com\/no\/wp-json\/wp\/v2\/types\/page"}],"author":[{"embeddable":true,"href":"https:\/\/www.nordicbridal.com\/no\/wp-json\/wp\/v2\/users\/2"}],"replies":[{"embeddable":true,"href":"https:\/\/www.nordicbridal.com\/no\/wp-json\/wp\/v2\/comments?post=55"}],"version-history":[{"count":28,"href":"https:\/\/www.nordicbridal.com\/no\/wp-json\/wp\/v2\/pages\/55\/revisions"}],"predecessor-version":[{"id":1620,"href":"https:\/\/www.nordicbridal.com\/no\/wp-json\/wp\/v2\/pages\/55\/revisions\/1620"}],"wp:attachment":[{"href":"https:\/\/www.nordicbridal.com\/no\/wp-json\/wp\/v2\/media?parent=55"}],"curies":[{"name":"wp","href":"https:\/\/api.w.org\/{rel}","templated":true}]}}