{"id":631,"date":"2020-05-26T10:51:39","date_gmt":"2020-05-26T08:51:39","guid":{"rendered":"http:\/\/www.nordicbridal.com\/?page_id=631"},"modified":"2022-04-06T12:05:50","modified_gmt":"2022-04-06T10:05:50","slug":"about-nordic-bridal","status":"publish","type":"page","link":"https:\/\/www.nordicbridal.com\/no\/about-nordic-bridal\/","title":{"rendered":"Om Nordic Bridal"},"content":{"rendered":"\n<h2 class=\"has-text-align-center wp-block-heading\"><strong>Helt siden starten i 2008 har Nordic Bridal v\u00e6rt et uvurderlig verkt\u00f8y for akt\u00f8rer innen bryllupsbransjen.<\/strong><\/h2>\n\n\n\n<figure class=\"wp-block-image size-large\"><img loading=\"lazy\" decoding=\"async\" width=\"1024\" height=\"342\" src=\"http:\/\/www.nordicbridal.com\/wp-content\/uploads\/2020\/05\/NB_norsk-1024x342.jpg\" alt=\"\" class=\"wp-image-258\" srcset=\"https:\/\/www.nordicbridal.com\/wp-content\/uploads\/2020\/05\/NB_norsk-1024x342.jpg 1024w, https:\/\/www.nordicbridal.com\/wp-content\/uploads\/2020\/05\/NB_norsk-300x100.jpg 300w, https:\/\/www.nordicbridal.com\/wp-content\/uploads\/2020\/05\/NB_norsk-768x257.jpg 768w, https:\/\/www.nordicbridal.com\/wp-content\/uploads\/2020\/05\/NB_norsk-1536x513.jpg 1536w, https:\/\/www.nordicbridal.com\/wp-content\/uploads\/2020\/05\/NB_norsk-2048x684.jpg 2048w\" sizes=\"auto, (max-width: 1024px) 100vw, 1024px\" \/><\/figure>\n\n\n\n<p><em>\u201dDu sitter n\u00e5 med Nordens f\u00f8rste business- to business-magasin for bryllupbransjen i hendene. For bare et par \u00e5r siden var det f\u00e5 som trodde det skulle v\u00e6re mulig. Norden var et lite og tilsynelatende uinteressant marked for de aller fleste store leverand\u00f8rer.\u00bb<\/em><\/p>\n\n\n\n<p>Dette skrev ansvarlig utgiver Anders Wallgren p\u00e5 lederplass i det f\u00f8rste nummeret som utkom i 2008. Med framtidsvyer og tro p\u00e5 det nordiske markedet viste det seg \u00e5 v\u00e6re et skritt i riktig retning \u00e5 satse p\u00e5 et B2B-magasin. Utviklingen de siste 11 \u00e5rene har v\u00e6rt fantastisk. I dag er ikke Norden lenger et lite og uinteressant marked. De nordiske landene har stor kj\u00f8pekraft og de etablerte leverand\u00f8rene har f\u00e5tt sterke merkenavn ogs\u00e5 i Norden. Mye av dette er takket v\u00e6re dere detaljister, som daglig arbeider for bryllupsbransjen og som s\u00f8rger for at budskapet n\u00e5r hele veien til sluttkonsumentene.<\/p>\n\n\n\n<p>Nordic Bridal har med sitt innhold bidratt med s\u00e5vel kunnskap, informasjon ,inspirasjon som siste nytt innen bransjen. Inspirerte artikler om hvordan dere lykkes med virksomheten og nyheter fra leverand\u00f8rene. I magasinet har dere ogs\u00e5 kunnet ta del i de store, internasjonale innkj\u00f8psmessene og knyttet kontakter med kolleger rundt om i verden. Dere lesere har gjennom \u00e5rene v\u00e6rt rause med \u00e5 dele fakta, synspunkter og kommet med forslag til innhold \u2013 alt dette har f\u00f8rt til at vi hele tiden har v\u00e6rt i stand til \u00e5 utvikle og skape et produkt som b\u00e5de er attraktivt og ettertraktet innen bransjen. Ved v\u00e5r kapasitet til \u00e5 favne nordiske landene n\u00e5r vi hele veien fra h\u00e5nden til hjertet. Dette er noe som driver oss til \u00e5 fortsette fremover.<\/p>\n\n\n\n<p>Gjennom \u00e5rene har vi f\u00e5tt mye fin feedback fra s\u00e5vel butikker som leverand\u00f8rer p\u00e5 Nordic Bridal. Under finner dere noen punkter det er verdt \u00e5 belyse enda en gang.<\/p>\n\n\n\n<ul class=\"wp-block-list\"><li>Nordic Bridal er Nordens eneste bransjemagasin om bryllupsmote.<\/li><li>Innholdet er ikke bare rettet mot butikkeierne, men ogs\u00e5 mot personalet i butikken, hvilket gj\u00f8r at alle f\u00e5r lese om nyhetene og se de nye kolleksjonene.<\/li><li>Magasinet sendes ut til alle butikker i Norden, noe som gj\u00f8r at de som ikke reiser p\u00e5 messer f\u00e5r kjennskap til nyheter og det spennende innholdet.<\/li><li>Viktig magasin for bransjen da innholdet gj\u00f8r leserne leserne oppmerksomme p\u00e5 nyheter, messer, nye markeder, nye agenter samt gir tips og r\u00e5d innen salg, markedsf\u00f8ring og s\u00e5 videre.<\/li><li>Som annons\u00f8r \u00f8ker synligheten, noe som styrker varemerket og bidrar til \u00f8kt salg i butikkene.<\/li><\/ul>\n\n\n<div class=\"g g-3\"><div class=\"g-dyn a-4 c-1\"><a class=\"gofollow\" data-track=\"NCwzLDYw\" href=\"https:\/\/www.justinalexander.com\"><img decoding=\"async\" src=\"https:\/\/www.nordicbridal.com\/wp-content\/uploads\/2026\/03\/justin-alexander-banner.png\" \/><\/a><\/div><div class=\"g-dyn a-24 c-2\"><a class=\"gofollow\" data-track=\"MjQsMyw2MA==\" href=\"https:\/\/www.demetrios.com\/en\/become-a-retailer \"><img decoding=\"async\" src=\"https:\/\/www.nordicbridal.com\/wp-content\/uploads\/2026\/04\/Demetrios-Banner_corrected.jpg\" \/><\/a><\/div><div class=\"g-dyn a-27 c-3\"><a class=\"gofollow\" data-track=\"MjcsMyw2MA==\" href=\"https:\/\/www.hilarymorgan.com\/\"><img decoding=\"async\" src=\"https:\/\/www.nordicbridal.com\/wp-content\/uploads\/2026\/03\/banner_HM_2026.jpg\" \/><\/a><\/div><div class=\"g-dyn a-25 c-4\"><a class=\"gofollow\" data-track=\"MjUsMyw2MA==\" href=\"https:\/\/dianelegrandbridal.com\/\"><img decoding=\"async\" src=\"https:\/\/www.nordicbridal.com\/wp-content\/uploads\/2026\/03\/Unknown.gif\" \/><\/a><\/div><div class=\"g-dyn a-18 c-5\"><a class=\"gofollow\" data-track=\"MTgsMyw2MA==\" href=\"https:\/\/globalbridalhouse.com\/nl\/\"><img decoding=\"async\" src=\"https:\/\/www.nordicbridal.com\/wp-content\/uploads\/2026\/03\/B2B-Banner-GBH-0326.jpg\" \/><\/a><\/div><div class=\"g-dyn a-12 c-6\"><a class=\"gofollow\" data-track=\"MTIsMyw2MA==\" href=\"https:\/\/monicaloretti.com\"><img decoding=\"async\" src=\"https:\/\/www.nordicbridal.com\/wp-content\/uploads\/2026\/02\/Monica-Loretti_NB_1800x360.png\" \/><\/a><\/div><div class=\"g-dyn a-26 c-7\"><a class=\"gofollow\" data-track=\"MjYsMyw2MA==\" href=\"https:\/\/azureebridal.com\/\"><img decoding=\"async\" src=\"https:\/\/www.nordicbridal.com\/wp-content\/uploads\/2026\/03\/banner_azuree-2027-kollektion.jpg\" \/><\/a><\/div><div class=\"g-dyn a-29 c-8\"><a class=\"gofollow\" data-track=\"MjksMyw2MA==\" href=\"https:\/\/milanbride.dk\/\"><img decoding=\"async\" src=\"https:\/\/www.nordicbridal.com\/wp-content\/uploads\/2026\/03\/banner_milan-3.jpg\" \/><\/a><\/div><div class=\"g-dyn a-11 c-9\"><a class=\"gofollow\" data-track=\"MTEsMyw2MA==\" href=\"https:\/\/www.treschicbridalwear.com\/\"><img decoding=\"async\" src=\"https:\/\/www.nordicbridal.com\/wp-content\/uploads\/2026\/02\/TCBanner_February2026-scaled.jpg\" \/><\/a><\/div><\/div>\n","protected":false},"excerpt":{"rendered":"<p>Helt siden starten i 2008 har Nordic Bridal v\u00e6rt et uvurderlig verkt\u00f8y for akt\u00f8rer innen bryllupsbransjen. \u201dDu sitter n\u00e5 med &hellip; <a href=\"https:\/\/www.nordicbridal.com\/no\/about-nordic-bridal\/\" class=\"more-link\"><span class=\"more-button\">L\u00e4s Mer<span class=\"screen-reader-text\">Om Nordic Bridal<\/span><\/span><\/a><\/p>\n","protected":false},"author":2,"featured_media":0,"parent":0,"menu_order":0,"comment_status":"closed","ping_status":"closed","template":"","meta":{"footnotes":""},"class_list":["post-631","page","type-page","status-publish","hentry"],"translation":{"provider":"WPGlobus","version":"3.0.2","language":"no","enabled_languages":["en","sv","no","da","fi"],"languages":{"en":{"title":true,"content":true,"excerpt":false},"sv":{"title":true,"content":true,"excerpt":false},"no":{"title":true,"content":true,"excerpt":false},"da":{"title":true,"content":true,"excerpt":false},"fi":{"title":true,"content":true,"excerpt":false}}},"_links":{"self":[{"href":"https:\/\/www.nordicbridal.com\/no\/wp-json\/wp\/v2\/pages\/631","targetHints":{"allow":["GET"]}}],"collection":[{"href":"https:\/\/www.nordicbridal.com\/no\/wp-json\/wp\/v2\/pages"}],"about":[{"href":"https:\/\/www.nordicbridal.com\/no\/wp-json\/wp\/v2\/types\/page"}],"author":[{"embeddable":true,"href":"https:\/\/www.nordicbridal.com\/no\/wp-json\/wp\/v2\/users\/2"}],"replies":[{"embeddable":true,"href":"https:\/\/www.nordicbridal.com\/no\/wp-json\/wp\/v2\/comments?post=631"}],"version-history":[{"count":16,"href":"https:\/\/www.nordicbridal.com\/no\/wp-json\/wp\/v2\/pages\/631\/revisions"}],"predecessor-version":[{"id":1612,"href":"https:\/\/www.nordicbridal.com\/no\/wp-json\/wp\/v2\/pages\/631\/revisions\/1612"}],"wp:attachment":[{"href":"https:\/\/www.nordicbridal.com\/no\/wp-json\/wp\/v2\/media?parent=631"}],"curies":[{"name":"wp","href":"https:\/\/api.w.org\/{rel}","templated":true}]}}