{"id":59,"date":"2020-05-13T11:35:08","date_gmt":"2020-05-13T09:35:08","guid":{"rendered":"http:\/\/dev.nordicbridal.com\/?page_id=59"},"modified":"2022-04-06T12:36:15","modified_gmt":"2022-04-06T10:36:15","slug":"trade-shows","status":"publish","type":"page","link":"https:\/\/www.nordicbridal.com\/sv\/trade-shows\/","title":{"rendered":"M\u00e4ssor"},"content":{"rendered":"<div class=\"g g-4\"><div class=\"g-dyn a-26 c-1\"><a class=\"gofollow\" data-track=\"MjYsNCw2MA==\" href=\"https:\/\/azureebridal.com\/\"><img decoding=\"async\" src=\"https:\/\/www.nordicbridal.com\/wp-content\/uploads\/2026\/03\/banner_azuree-2027-kollektion.jpg\" \/><\/a><\/div><div class=\"g-dyn a-4 c-2\"><a class=\"gofollow\" data-track=\"NCw0LDYw\" href=\"https:\/\/www.justinalexander.com\"><img decoding=\"async\" src=\"https:\/\/www.nordicbridal.com\/wp-content\/uploads\/2026\/03\/justin-alexander-banner.png\" \/><\/a><\/div><div class=\"g-dyn a-27 c-3\"><a class=\"gofollow\" data-track=\"MjcsNCw2MA==\" href=\"https:\/\/www.hilarymorgan.com\/\"><img decoding=\"async\" src=\"https:\/\/www.nordicbridal.com\/wp-content\/uploads\/2026\/03\/banner_HM_2026.jpg\" \/><\/a><\/div><div class=\"g-dyn a-25 c-4\"><a class=\"gofollow\" data-track=\"MjUsNCw2MA==\" href=\"https:\/\/dianelegrandbridal.com\/\"><img decoding=\"async\" src=\"https:\/\/www.nordicbridal.com\/wp-content\/uploads\/2026\/03\/Unknown.gif\" \/><\/a><\/div><div class=\"g-dyn a-29 c-5\"><a class=\"gofollow\" data-track=\"MjksNCw2MA==\" href=\"https:\/\/milanbride.dk\/\"><img decoding=\"async\" src=\"https:\/\/www.nordicbridal.com\/wp-content\/uploads\/2026\/03\/banner_milan-3.jpg\" \/><\/a><\/div><div class=\"g-dyn a-24 c-6\"><a class=\"gofollow\" data-track=\"MjQsNCw2MA==\" href=\"https:\/\/www.demetrios.com\/en\/become-a-retailer \"><img decoding=\"async\" src=\"https:\/\/www.nordicbridal.com\/wp-content\/uploads\/2026\/04\/Demetrios-Banner_corrected.jpg\" \/><\/a><\/div><div class=\"g-dyn a-12 c-7\"><a class=\"gofollow\" data-track=\"MTIsNCw2MA==\" href=\"https:\/\/monicaloretti.com\"><img decoding=\"async\" src=\"https:\/\/www.nordicbridal.com\/wp-content\/uploads\/2026\/02\/Monica-Loretti_NB_1800x360.png\" \/><\/a><\/div><div class=\"g-dyn a-11 c-8\"><a class=\"gofollow\" data-track=\"MTEsNCw2MA==\" href=\"https:\/\/www.treschicbridalwear.com\/\"><img decoding=\"async\" src=\"https:\/\/www.nordicbridal.com\/wp-content\/uploads\/2026\/02\/TCBanner_February2026-scaled.jpg\" \/><\/a><\/div><div class=\"g-dyn a-18 c-9\"><a class=\"gofollow\" data-track=\"MTgsNCw2MA==\" href=\"https:\/\/globalbridalhouse.com\/nl\/\"><img decoding=\"async\" src=\"https:\/\/www.nordicbridal.com\/wp-content\/uploads\/2026\/03\/B2B-Banner-GBH-0326.jpg\" \/><\/a><\/div><\/div>\n\n\n\n<p><\/p>\n\n\n<ul class=\"wp-block-latest-posts__list is-grid columns-3 has-dates wp-block-latest-posts\"><li><div class=\"wp-block-latest-posts__featured-image aligncenter\"><img loading=\"lazy\" decoding=\"async\" width=\"990\" height=\"645\" src=\"https:\/\/www.nordicbridal.com\/wp-content\/uploads\/2026\/03\/EBW-2025-Fashion-Show-07-1024x667.jpg\" class=\"attachment-large size-large wp-post-image\" alt=\"\" style=\"\" srcset=\"https:\/\/www.nordicbridal.com\/wp-content\/uploads\/2026\/03\/EBW-2025-Fashion-Show-07-1024x667.jpg 1024w, https:\/\/www.nordicbridal.com\/wp-content\/uploads\/2026\/03\/EBW-2025-Fashion-Show-07-300x195.jpg 300w, https:\/\/www.nordicbridal.com\/wp-content\/uploads\/2026\/03\/EBW-2025-Fashion-Show-07-768x500.jpg 768w, https:\/\/www.nordicbridal.com\/wp-content\/uploads\/2026\/03\/EBW-2025-Fashion-Show-07-1536x1000.jpg 1536w, https:\/\/www.nordicbridal.com\/wp-content\/uploads\/2026\/03\/EBW-2025-Fashion-Show-07.jpg 1920w\" sizes=\"auto, (max-width: 990px) 100vw, 990px\" \/><\/div><a class=\"wp-block-latest-posts__post-title\" href=\"https:\/\/www.nordicbridal.com\/sv\/european-bridal-week-2026-introduces-a-new-catwalk-experience\/\">European Bridal Week 2026 bjuder p\u00e5 en ny catwalk-upplevelse<\/a><time datetime=\"\" class=\"wp-block-latest-posts__post-date\"><\/time><div class=\"wp-block-latest-posts__post-excerpt\">European Bridal Week 2026 tar brudmodet till en ny niv\u00e5 \u2013 b\u00e5de n\u00e4r det g\u00e4ller kollektioner och hur de presenteras.  &hellip; <a href=\"https:\/\/www.nordicbridal.com\/sv\/european-bridal-week-2026-introduces-a-new-catwalk-experience\/\" class=\"more-link\"><span class=\"more-button\">L\u00e4s Mer<span class=\"screen-reader-text\">European Bridal Week 2026 bjuder p\u00e5 en ny catwalk-upplevelse<\/span><\/span><\/a><\/div><\/li>\n<li><div class=\"wp-block-latest-posts__featured-image aligncenter\"><img loading=\"lazy\" decoding=\"async\" width=\"990\" height=\"660\" src=\"https:\/\/www.nordicbridal.com\/wp-content\/uploads\/2026\/01\/ebw_gallery_2025_137-1024x683.jpg\" class=\"attachment-large size-large wp-post-image\" alt=\"Trade show ready\" style=\"\" srcset=\"https:\/\/www.nordicbridal.com\/wp-content\/uploads\/2026\/01\/ebw_gallery_2025_137-1024x683.jpg 1024w, https:\/\/www.nordicbridal.com\/wp-content\/uploads\/2026\/01\/ebw_gallery_2025_137-300x200.jpg 300w, https:\/\/www.nordicbridal.com\/wp-content\/uploads\/2026\/01\/ebw_gallery_2025_137-768x512.jpg 768w, https:\/\/www.nordicbridal.com\/wp-content\/uploads\/2026\/01\/ebw_gallery_2025_137-1536x1024.jpg 1536w, https:\/\/www.nordicbridal.com\/wp-content\/uploads\/2026\/01\/ebw_gallery_2025_137.jpg 1875w\" sizes=\"auto, (max-width: 990px) 100vw, 990px\" \/><\/div><a class=\"wp-block-latest-posts__post-title\" href=\"https:\/\/www.nordicbridal.com\/sv\/trade-show-ready-how-to-make-the-most-of-your-visit\/\">F\u00f6rberedd f\u00f6r m\u00e4ssa<\/a><time datetime=\"\" class=\"wp-block-latest-posts__post-date\"><\/time><div class=\"wp-block-latest-posts__post-excerpt\">Vi ger tipsen s\u00e5 att du f\u00e5r ut s\u00e5 mycket som m\u00f6jligt av \u00e5rets m\u00e4ssor. &hellip; <a href=\"https:\/\/www.nordicbridal.com\/sv\/trade-show-ready-how-to-make-the-most-of-your-visit\/\" class=\"more-link\"><span class=\"more-button\">L\u00e4s Mer<span class=\"screen-reader-text\">F\u00f6rberedd f\u00f6r m\u00e4ssa<\/span><\/span><\/a><\/div><\/li>\n<li><div class=\"wp-block-latest-posts__featured-image aligncenter\"><img loading=\"lazy\" decoding=\"async\" width=\"990\" height=\"660\" src=\"https:\/\/www.nordicbridal.com\/wp-content\/uploads\/2026\/01\/EBW-2026-_-EBW-Awards-09-1024x683.jpg\" class=\"attachment-large size-large wp-post-image\" alt=\"EBW Awards\" style=\"\" srcset=\"https:\/\/www.nordicbridal.com\/wp-content\/uploads\/2026\/01\/EBW-2026-_-EBW-Awards-09-1024x683.jpg 1024w, https:\/\/www.nordicbridal.com\/wp-content\/uploads\/2026\/01\/EBW-2026-_-EBW-Awards-09-300x200.jpg 300w, https:\/\/www.nordicbridal.com\/wp-content\/uploads\/2026\/01\/EBW-2026-_-EBW-Awards-09-768x513.jpg 768w, https:\/\/www.nordicbridal.com\/wp-content\/uploads\/2026\/01\/EBW-2026-_-EBW-Awards-09-1536x1025.jpg 1536w, https:\/\/www.nordicbridal.com\/wp-content\/uploads\/2026\/01\/EBW-2026-_-EBW-Awards-09-2048x1367.jpg 2048w\" sizes=\"auto, (max-width: 990px) 100vw, 990px\" \/><\/div><a class=\"wp-block-latest-posts__post-title\" href=\"https:\/\/www.nordicbridal.com\/sv\/ebw-awards-er-tilbake-under-european-bridal-week-2026\/\">EBW Awards \u00e4r tillbaka under European Bridal Week 2026<\/a><time datetime=\"\" class=\"wp-block-latest-posts__post-date\"><\/time><div class=\"wp-block-latest-posts__post-excerpt\">Prisutdelning, fest \u2013 och \u00e5rets dresscode \u00e4r \u201cCreative Black Tie\u201d &hellip; <a href=\"https:\/\/www.nordicbridal.com\/sv\/ebw-awards-er-tilbake-under-european-bridal-week-2026\/\" class=\"more-link\"><span class=\"more-button\">L\u00e4s Mer<span class=\"screen-reader-text\">EBW Awards \u00e4r tillbaka under European Bridal Week 2026<\/span><\/span><\/a><\/div><\/li>\n<li><div class=\"wp-block-latest-posts__featured-image aligncenter\"><img loading=\"lazy\" decoding=\"async\" width=\"990\" height=\"659\" src=\"https:\/\/www.nordicbridal.com\/wp-content\/uploads\/2026\/01\/EBW_fashionshow_MKL-12-1024x682.jpg\" class=\"attachment-large size-large wp-post-image\" alt=\"\" style=\"\" srcset=\"https:\/\/www.nordicbridal.com\/wp-content\/uploads\/2026\/01\/EBW_fashionshow_MKL-12-1024x682.jpg 1024w, https:\/\/www.nordicbridal.com\/wp-content\/uploads\/2026\/01\/EBW_fashionshow_MKL-12-300x200.jpg 300w, https:\/\/www.nordicbridal.com\/wp-content\/uploads\/2026\/01\/EBW_fashionshow_MKL-12-768x512.jpg 768w, https:\/\/www.nordicbridal.com\/wp-content\/uploads\/2026\/01\/EBW_fashionshow_MKL-12.jpg 1250w\" sizes=\"auto, (max-width: 990px) 100vw, 990px\" \/><\/div><a class=\"wp-block-latest-posts__post-title\" href=\"https:\/\/www.nordicbridal.com\/sv\/highlights-from-the-runway\/\">H\u00f6jdpunkter fr\u00e5n catwalken<\/a><time datetime=\"\" class=\"wp-block-latest-posts__post-date\"><\/time><div class=\"wp-block-latest-posts__post-excerpt\">Missa inte de spektakul\u00e4ra modevisningarna p\u00e5 European Bridal Week!  &hellip; <a href=\"https:\/\/www.nordicbridal.com\/sv\/highlights-from-the-runway\/\" class=\"more-link\"><span class=\"more-button\">L\u00e4s Mer<span class=\"screen-reader-text\">H\u00f6jdpunkter fr\u00e5n catwalken<\/span><\/span><\/a><\/div><\/li>\n<li><div class=\"wp-block-latest-posts__featured-image aligncenter\"><img loading=\"lazy\" decoding=\"async\" width=\"990\" height=\"660\" src=\"https:\/\/www.nordicbridal.com\/wp-content\/uploads\/2025\/06\/EBW_fashionshow_MKL-085-1024x683.jpg\" class=\"attachment-large size-large wp-post-image\" alt=\"European Bridal Week 2025\" style=\"\" srcset=\"https:\/\/www.nordicbridal.com\/wp-content\/uploads\/2025\/06\/EBW_fashionshow_MKL-085-1024x683.jpg 1024w, https:\/\/www.nordicbridal.com\/wp-content\/uploads\/2025\/06\/EBW_fashionshow_MKL-085-300x200.jpg 300w, https:\/\/www.nordicbridal.com\/wp-content\/uploads\/2025\/06\/EBW_fashionshow_MKL-085-768x512.jpg 768w, https:\/\/www.nordicbridal.com\/wp-content\/uploads\/2025\/06\/EBW_fashionshow_MKL-085-1536x1024.jpg 1536w, https:\/\/www.nordicbridal.com\/wp-content\/uploads\/2025\/06\/EBW_fashionshow_MKL-085-2048x1365.jpg 2048w\" sizes=\"auto, (max-width: 990px) 100vw, 990px\" \/><\/div><a class=\"wp-block-latest-posts__post-title\" href=\"https:\/\/www.nordicbridal.com\/sv\/trade-shows-2026\/\">Ink\u00f6psm\u00e4ssor 2026<\/a><time datetime=\"\" class=\"wp-block-latest-posts__post-date\"><\/time><div class=\"wp-block-latest-posts__post-excerpt\">H\u00e4r \u00e4r en \u00f6versikt \u00f6ver kommande europeiska branschm\u00e4ssor inom br\u00f6llopsindustrin. &hellip; <a href=\"https:\/\/www.nordicbridal.com\/sv\/trade-shows-2026\/\" class=\"more-link\"><span class=\"more-button\">L\u00e4s Mer<span class=\"screen-reader-text\">Ink\u00f6psm\u00e4ssor 2026<\/span><\/span><\/a><\/div><\/li>\n<li><div class=\"wp-block-latest-posts__featured-image aligncenter\"><img loading=\"lazy\" decoding=\"async\" width=\"990\" height=\"645\" src=\"https:\/\/www.nordicbridal.com\/wp-content\/uploads\/2025\/12\/web_EBW-2026-_-Siegrid-Hampsink-1024x667.jpg\" class=\"attachment-large size-large wp-post-image\" alt=\"European Bridal Week 2026 - Siegrid Hampsink\" style=\"\" srcset=\"https:\/\/www.nordicbridal.com\/wp-content\/uploads\/2025\/12\/web_EBW-2026-_-Siegrid-Hampsink-1024x667.jpg 1024w, https:\/\/www.nordicbridal.com\/wp-content\/uploads\/2025\/12\/web_EBW-2026-_-Siegrid-Hampsink-300x195.jpg 300w, https:\/\/www.nordicbridal.com\/wp-content\/uploads\/2025\/12\/web_EBW-2026-_-Siegrid-Hampsink-768x500.jpg 768w, https:\/\/www.nordicbridal.com\/wp-content\/uploads\/2025\/12\/web_EBW-2026-_-Siegrid-Hampsink-1536x1000.jpg 1536w, https:\/\/www.nordicbridal.com\/wp-content\/uploads\/2025\/12\/web_EBW-2026-_-Siegrid-Hampsink.jpg 1920w\" sizes=\"auto, (max-width: 990px) 100vw, 990px\" \/><\/div><a class=\"wp-block-latest-posts__post-title\" href=\"https:\/\/www.nordicbridal.com\/sv\/we-know-the-industry-by-heart\/\">&#8221;Vi kan branschen utan och innan&#8221;<\/a><time datetime=\"\" class=\"wp-block-latest-posts__post-date\"><\/time><div class=\"wp-block-latest-posts__post-excerpt\">En intervju med Siegrid Hampsink, Event Director f\u00f6r European Bridal Week &hellip; <a href=\"https:\/\/www.nordicbridal.com\/sv\/we-know-the-industry-by-heart\/\" class=\"more-link\"><span class=\"more-button\">L\u00e4s Mer<span class=\"screen-reader-text\">&#8221;Vi kan branschen utan och innan&#8221;<\/span><\/span><\/a><\/div><\/li>\n<li><div class=\"wp-block-latest-posts__featured-image aligncenter\"><img loading=\"lazy\" decoding=\"async\" width=\"990\" height=\"645\" src=\"https:\/\/www.nordicbridal.com\/wp-content\/uploads\/2025\/12\/web_EBW2026_EmbracingArtistry-01-1024x667.jpg\" class=\"attachment-large size-large wp-post-image\" alt=\"European Bridal Week 2026 - Embracing Artistry\" style=\"\" srcset=\"https:\/\/www.nordicbridal.com\/wp-content\/uploads\/2025\/12\/web_EBW2026_EmbracingArtistry-01-1024x667.jpg 1024w, https:\/\/www.nordicbridal.com\/wp-content\/uploads\/2025\/12\/web_EBW2026_EmbracingArtistry-01-300x195.jpg 300w, https:\/\/www.nordicbridal.com\/wp-content\/uploads\/2025\/12\/web_EBW2026_EmbracingArtistry-01-768x500.jpg 768w, https:\/\/www.nordicbridal.com\/wp-content\/uploads\/2025\/12\/web_EBW2026_EmbracingArtistry-01-1536x1000.jpg 1536w, https:\/\/www.nordicbridal.com\/wp-content\/uploads\/2025\/12\/web_EBW2026_EmbracingArtistry-01.jpg 1920w\" sizes=\"auto, (max-width: 990px) 100vw, 990px\" \/><\/div><a class=\"wp-block-latest-posts__post-title\" href=\"https:\/\/www.nordicbridal.com\/sv\/european-bridal-week-highlights-creativity-and-craftsmanship-in-2026\/\">European Bridal Week lyfter fram kreativitet och hantverk i 2026<\/a><time datetime=\"\" class=\"wp-block-latest-posts__post-date\"><\/time><div class=\"wp-block-latest-posts__post-excerpt\">European Bridal Week 2026 har ett tydligt budskap: brudmode \u00e4r konst.  &hellip; <a href=\"https:\/\/www.nordicbridal.com\/sv\/european-bridal-week-highlights-creativity-and-craftsmanship-in-2026\/\" class=\"more-link\"><span class=\"more-button\">L\u00e4s Mer<span class=\"screen-reader-text\">European Bridal Week lyfter fram kreativitet och hantverk i 2026<\/span><\/span><\/a><\/div><\/li>\n<li><div class=\"wp-block-latest-posts__featured-image aligncenter\"><img loading=\"lazy\" decoding=\"async\" width=\"990\" height=\"660\" src=\"https:\/\/www.nordicbridal.com\/wp-content\/uploads\/2025\/06\/EBW_fashionshow_MKL-085-1024x683.jpg\" class=\"attachment-large size-large wp-post-image\" alt=\"European Bridal Week 2025\" style=\"\" srcset=\"https:\/\/www.nordicbridal.com\/wp-content\/uploads\/2025\/06\/EBW_fashionshow_MKL-085-1024x683.jpg 1024w, https:\/\/www.nordicbridal.com\/wp-content\/uploads\/2025\/06\/EBW_fashionshow_MKL-085-300x200.jpg 300w, https:\/\/www.nordicbridal.com\/wp-content\/uploads\/2025\/06\/EBW_fashionshow_MKL-085-768x512.jpg 768w, https:\/\/www.nordicbridal.com\/wp-content\/uploads\/2025\/06\/EBW_fashionshow_MKL-085-1536x1024.jpg 1536w, https:\/\/www.nordicbridal.com\/wp-content\/uploads\/2025\/06\/EBW_fashionshow_MKL-085-2048x1365.jpg 2048w\" sizes=\"auto, (max-width: 990px) 100vw, 990px\" \/><\/div><a class=\"wp-block-latest-posts__post-title\" href=\"https:\/\/www.nordicbridal.com\/sv\/european-bridal-week-a-success-2\/\">European Bridal Week 2025<\/a><time datetime=\"\" class=\"wp-block-latest-posts__post-date\"><\/time><div class=\"wp-block-latest-posts__post-excerpt\">En underbar m\u00e4ssa fylld av entusiasm, kreativitet och fokus p\u00e5 h\u00e5llbarhet. &hellip; <a href=\"https:\/\/www.nordicbridal.com\/sv\/european-bridal-week-a-success-2\/\" class=\"more-link\"><span class=\"more-button\">L\u00e4s Mer<span class=\"screen-reader-text\">European Bridal Week 2025<\/span><\/span><\/a><\/div><\/li>\n<li><div class=\"wp-block-latest-posts__featured-image aligncenter\"><img loading=\"lazy\" decoding=\"async\" width=\"990\" height=\"645\" src=\"https:\/\/www.nordicbridal.com\/wp-content\/uploads\/2025\/01\/EBW-2025-Teaser-for-Nordic-Bridal-1920x1250-1-1024x667.png\" class=\"attachment-large size-large wp-post-image\" alt=\"European Bridal Week 2025 - crafting dreams into reality\" style=\"\" srcset=\"https:\/\/www.nordicbridal.com\/wp-content\/uploads\/2025\/01\/EBW-2025-Teaser-for-Nordic-Bridal-1920x1250-1-1024x667.png 1024w, https:\/\/www.nordicbridal.com\/wp-content\/uploads\/2025\/01\/EBW-2025-Teaser-for-Nordic-Bridal-1920x1250-1-300x195.png 300w, https:\/\/www.nordicbridal.com\/wp-content\/uploads\/2025\/01\/EBW-2025-Teaser-for-Nordic-Bridal-1920x1250-1-768x500.png 768w, https:\/\/www.nordicbridal.com\/wp-content\/uploads\/2025\/01\/EBW-2025-Teaser-for-Nordic-Bridal-1920x1250-1-1536x1000.png 1536w, https:\/\/www.nordicbridal.com\/wp-content\/uploads\/2025\/01\/EBW-2025-Teaser-for-Nordic-Bridal-1920x1250-1.png 1920w\" sizes=\"auto, (max-width: 990px) 100vw, 990px\" \/><\/div><a class=\"wp-block-latest-posts__post-title\" href=\"https:\/\/www.nordicbridal.com\/sv\/european-bridal-week-2024\/\">European Bridal Week: D\u00e4r id\u00e9er och dr\u00f6mmar m\u00f6ts<\/a><time datetime=\"\" class=\"wp-block-latest-posts__post-date\"><\/time><div class=\"wp-block-latest-posts__post-excerpt\">Den 29\u201331 mars 2025 \u00e4r det dags f\u00f6r European Bridal Week att \u00f6ppna d\u00f6rrarna p\u00e5 Messe Essen i Tyskland. &hellip; <a href=\"https:\/\/www.nordicbridal.com\/sv\/european-bridal-week-2024\/\" class=\"more-link\"><span class=\"more-button\">L\u00e4s Mer<span class=\"screen-reader-text\">European Bridal Week: D\u00e4r id\u00e9er och dr\u00f6mmar m\u00f6ts<\/span><\/span><\/a><\/div><\/li>\n<\/ul>","protected":false},"excerpt":{"rendered":"","protected":false},"author":2,"featured_media":728,"parent":0,"menu_order":0,"comment_status":"closed","ping_status":"closed","template":"","meta":{"footnotes":""},"class_list":["post-59","page","type-page","status-publish","has-post-thumbnail","hentry"],"translation":{"provider":"WPGlobus","version":"3.0.2","language":"sv","enabled_languages":["en","sv","no","da","fi"],"languages":{"en":{"title":true,"content":true,"excerpt":false},"sv":{"title":true,"content":true,"excerpt":false},"no":{"title":true,"content":true,"excerpt":false},"da":{"title":true,"content":true,"excerpt":false},"fi":{"title":true,"content":true,"excerpt":false}}},"_links":{"self":[{"href":"https:\/\/www.nordicbridal.com\/sv\/wp-json\/wp\/v2\/pages\/59","targetHints":{"allow":["GET"]}}],"collection":[{"href":"https:\/\/www.nordicbridal.com\/sv\/wp-json\/wp\/v2\/pages"}],"about":[{"href":"https:\/\/www.nordicbridal.com\/sv\/wp-json\/wp\/v2\/types\/page"}],"author":[{"embeddable":true,"href":"https:\/\/www.nordicbridal.com\/sv\/wp-json\/wp\/v2\/users\/2"}],"replies":[{"embeddable":true,"href":"https:\/\/www.nordicbridal.com\/sv\/wp-json\/wp\/v2\/comments?post=59"}],"version-history":[{"count":27,"href":"https:\/\/www.nordicbridal.com\/sv\/wp-json\/wp\/v2\/pages\/59\/revisions"}],"predecessor-version":[{"id":1632,"href":"https:\/\/www.nordicbridal.com\/sv\/wp-json\/wp\/v2\/pages\/59\/revisions\/1632"}],"wp:featuredmedia":[{"embeddable":true,"href":"https:\/\/www.nordicbridal.com\/sv\/wp-json\/wp\/v2\/media\/728"}],"wp:attachment":[{"href":"https:\/\/www.nordicbridal.com\/sv\/wp-json\/wp\/v2\/media?parent=59"}],"curies":[{"name":"wp","href":"https:\/\/api.w.org\/{rel}","templated":true}]}}