{"id":631,"date":"2020-05-26T10:51:39","date_gmt":"2020-05-26T08:51:39","guid":{"rendered":"http:\/\/www.nordicbridal.com\/?page_id=631"},"modified":"2022-04-06T12:05:50","modified_gmt":"2022-04-06T10:05:50","slug":"about-nordic-bridal","status":"publish","type":"page","link":"https:\/\/www.nordicbridal.com\/sv\/about-nordic-bridal\/","title":{"rendered":"Om Nordic Bridal"},"content":{"rendered":"\n<h2 class=\"has-text-align-center wp-block-heading\">\u00c4nda sedan starten \u00e5r 2008 har Nordic Bridal varit ett ov\u00e4rderligt verktyg f\u00f6r akt\u00f6rer inom br\u00f6llopsmodebranschen.<\/h2>\n\n\n\n<figure class=\"wp-block-image size-large\"><img loading=\"lazy\" decoding=\"async\" width=\"1024\" height=\"342\" src=\"http:\/\/www.nordicbridal.com\/wp-content\/uploads\/2020\/05\/nb-svenska-1024x342.jpg\" alt=\"\" class=\"wp-image-256\" srcset=\"https:\/\/www.nordicbridal.com\/wp-content\/uploads\/2020\/05\/nb-svenska-1024x342.jpg 1024w, https:\/\/www.nordicbridal.com\/wp-content\/uploads\/2020\/05\/nb-svenska-300x100.jpg 300w, https:\/\/www.nordicbridal.com\/wp-content\/uploads\/2020\/05\/nb-svenska-768x257.jpg 768w, https:\/\/www.nordicbridal.com\/wp-content\/uploads\/2020\/05\/nb-svenska-1536x513.jpg 1536w, https:\/\/www.nordicbridal.com\/wp-content\/uploads\/2020\/05\/nb-svenska-2048x684.jpg 2048w\" sizes=\"auto, (max-width: 1024px) 100vw, 1024px\" \/><\/figure>\n\n\n\n<p><em>&#8211; \u201dDu sitter nu med Nordens f\u00f6rsta business to business-magasin f\u00f6r br\u00f6llopsmodebranschen i din hand. F\u00f6r bara ett par \u00e5r sedan var det f\u00e5 som trodde det skulle vara m\u00f6jligt. Norden var en liten och till synes ointressant marknad f\u00f6r de allra flesta stora leverant\u00f6rer.\u201d<\/em><\/p>\n\n\n\n<p>S\u00e5 skrev ansvarig utgivare Anders Wallgren p\u00e5 ledarsidan i det f\u00f6rsta numret som utkom 2008. Med framtidstankar och tro p\u00e5 den nordiska marknaden visade sig vara ett steg i helt r\u00e4tt riktning att satsa p\u00e5 ett B2B-magasin och utvecklingen de senaste 11 \u00e5ren har varit fantastisk. Idag \u00e4r inte Norden l\u00e4ngre en liten och ointressant marknad utan de nordiska l\u00e4nderna idag har stark k\u00f6pkraft och de etablerade leverant\u00f6rerna har gjort sig ett erk\u00e4nt namn \u00e4ven i Norden. Mycket \u00e4r tack vare er butiker, som dagligen arbetar f\u00f6r br\u00f6llopsmodebranschen och s\u00e4kerst\u00e4ller att budskapet n\u00e5r hela v\u00e4gen till slutkonsument.<\/p>\n\n\n\n<p>Nordic Bridal har med sitt inneh\u00e5ll bidragit med s\u00e5v\u00e4l kunskap, information, inspiration och senaste nytt inom branschen. Inspirerande artiklar om hur ni lyckas med er verksamhet har blandats med nyheter fr\u00e5n leverant\u00f6rerna, kontaktinformation och v\u00e4sentliga nyheter. I magasinet har ni ocks\u00e5 kunnat ta del av de stora, internationella ink\u00f6psm\u00e4ssorna och knutit ov\u00e4rderliga kontakter med kollegor runt om i v\u00e4rlden. Ni l\u00e4sare har under \u00e5ren ocks\u00e5 delat med er av fakta, synpunkter och kommit med \u00f6nskem\u00e5l kring inneh\u00e5ll \u2013 allt som tillsammans gjort att vi hela tiden utvecklas och skapat en produkt som \u00e4r s\u00e5v\u00e4l attraktiv som \u00f6nskv\u00e4rd f\u00f6r branschen. Genom v\u00e5r styrka att verka i de nordiska l\u00e4nderna n\u00e5r vi hela v\u00e4gen fr\u00e5n handen till hj\u00e4rtat och detta \u00e4r n\u00e5got som driver oss att forts\u00e4tta fram\u00e5t.<\/p>\n\n\n\n<p>Genom \u00e5ren har vi f\u00e5tt mycket fin feedback fr\u00e5n s\u00e5v\u00e4l \u00e5terf\u00f6rs\u00e4ljare och leverant\u00f6rer om Nordic Bridal. Nedan finner ni n\u00e5gra punkter v\u00e4rda att belysa en extra g\u00e5ng<\/p>\n\n\n\n<ul class=\"wp-block-list\"><li>Nordic Bridal \u00e4r Nordens enda branschtidning f\u00f6r br\u00f6llop.<\/li><li>Inneh\u00e5llet n\u00e5r inte enbart butiks\u00e4garna utan \u00e4ven personalen i butiken, vilket g\u00f6r att alla f\u00e5r ta del av nyheter och se nya kollektioner.<\/li><li>Magasinet skickas ut till alla butiker i Norden, vilket g\u00f6r att \u00e4ven de som inte reser p\u00e5 m\u00e4ssor f\u00e5r ta del av nyheter och sp\u00e4nnande inneh\u00e5ll.<\/li><li>Viktig tidning f\u00f6r branschen d\u00e5 inneh\u00e5llet g\u00f6r l\u00e4sarna uppdaterade kring nyheter, m\u00e4ssor, nya m\u00e4rken, nya agenter samt f\u00e5r tips och r\u00e5d inom f\u00f6rs\u00e4ljning, marknadsf\u00f6ring etc.<\/li><li>Som annons\u00f6r \u00f6kar synligheten vilket st\u00e4rker varum\u00e4rket och bidrar till \u00f6kad f\u00f6rs\u00e4ljning i butikerna.<\/li><\/ul>\n\n\n<div class=\"g g-4\"><div class=\"g-dyn a-26 c-1\"><a class=\"gofollow\" data-track=\"MjYsNCw2MA==\" href=\"https:\/\/azureebridal.com\/\"><img decoding=\"async\" src=\"https:\/\/www.nordicbridal.com\/wp-content\/uploads\/2026\/03\/banner_azuree-2027-kollektion.jpg\" \/><\/a><\/div><div class=\"g-dyn a-4 c-2\"><a class=\"gofollow\" data-track=\"NCw0LDYw\" href=\"https:\/\/www.justinalexander.com\"><img decoding=\"async\" src=\"https:\/\/www.nordicbridal.com\/wp-content\/uploads\/2026\/03\/justin-alexander-banner.png\" \/><\/a><\/div><div class=\"g-dyn a-24 c-3\"><a class=\"gofollow\" data-track=\"MjQsNCw2MA==\" href=\"https:\/\/www.demetrios.com\/en\/become-a-retailer \"><img decoding=\"async\" src=\"https:\/\/www.nordicbridal.com\/wp-content\/uploads\/2026\/04\/Demetrios-Banner_corrected.jpg\" \/><\/a><\/div><div class=\"g-dyn a-25 c-4\"><a class=\"gofollow\" data-track=\"MjUsNCw2MA==\" href=\"https:\/\/dianelegrandbridal.com\/\"><img decoding=\"async\" src=\"https:\/\/www.nordicbridal.com\/wp-content\/uploads\/2026\/03\/Unknown.gif\" \/><\/a><\/div><div class=\"g-dyn a-29 c-5\"><a class=\"gofollow\" data-track=\"MjksNCw2MA==\" href=\"https:\/\/milanbride.dk\/\"><img decoding=\"async\" src=\"https:\/\/www.nordicbridal.com\/wp-content\/uploads\/2026\/03\/banner_milan-3.jpg\" \/><\/a><\/div><div class=\"g-dyn a-12 c-6\"><a class=\"gofollow\" data-track=\"MTIsNCw2MA==\" href=\"https:\/\/monicaloretti.com\"><img decoding=\"async\" src=\"https:\/\/www.nordicbridal.com\/wp-content\/uploads\/2026\/02\/Monica-Loretti_NB_1800x360.png\" \/><\/a><\/div><div class=\"g-dyn a-11 c-7\"><a class=\"gofollow\" data-track=\"MTEsNCw2MA==\" href=\"https:\/\/www.treschicbridalwear.com\/\"><img decoding=\"async\" src=\"https:\/\/www.nordicbridal.com\/wp-content\/uploads\/2026\/02\/TCBanner_February2026-scaled.jpg\" \/><\/a><\/div><div class=\"g-dyn a-18 c-8\"><a class=\"gofollow\" data-track=\"MTgsNCw2MA==\" href=\"https:\/\/globalbridalhouse.com\/nl\/\"><img decoding=\"async\" src=\"https:\/\/www.nordicbridal.com\/wp-content\/uploads\/2026\/03\/B2B-Banner-GBH-0326.jpg\" \/><\/a><\/div><div class=\"g-dyn a-27 c-9\"><a class=\"gofollow\" data-track=\"MjcsNCw2MA==\" href=\"https:\/\/www.hilarymorgan.com\/\"><img decoding=\"async\" src=\"https:\/\/www.nordicbridal.com\/wp-content\/uploads\/2026\/03\/banner_HM_2026.jpg\" \/><\/a><\/div><\/div>\n","protected":false},"excerpt":{"rendered":"<p>\u00c4nda sedan starten \u00e5r 2008 har Nordic Bridal varit ett ov\u00e4rderligt verktyg f\u00f6r akt\u00f6rer inom br\u00f6llopsmodebranschen. &#8211; \u201dDu sitter nu &hellip; <a href=\"https:\/\/www.nordicbridal.com\/sv\/about-nordic-bridal\/\" class=\"more-link\"><span class=\"more-button\">L\u00e4s Mer<span class=\"screen-reader-text\">Om Nordic Bridal<\/span><\/span><\/a><\/p>\n","protected":false},"author":2,"featured_media":0,"parent":0,"menu_order":0,"comment_status":"closed","ping_status":"closed","template":"","meta":{"footnotes":""},"class_list":["post-631","page","type-page","status-publish","hentry"],"translation":{"provider":"WPGlobus","version":"3.0.2","language":"sv","enabled_languages":["en","sv","no","da","fi"],"languages":{"en":{"title":true,"content":true,"excerpt":false},"sv":{"title":true,"content":true,"excerpt":false},"no":{"title":true,"content":true,"excerpt":false},"da":{"title":true,"content":true,"excerpt":false},"fi":{"title":true,"content":true,"excerpt":false}}},"_links":{"self":[{"href":"https:\/\/www.nordicbridal.com\/sv\/wp-json\/wp\/v2\/pages\/631","targetHints":{"allow":["GET"]}}],"collection":[{"href":"https:\/\/www.nordicbridal.com\/sv\/wp-json\/wp\/v2\/pages"}],"about":[{"href":"https:\/\/www.nordicbridal.com\/sv\/wp-json\/wp\/v2\/types\/page"}],"author":[{"embeddable":true,"href":"https:\/\/www.nordicbridal.com\/sv\/wp-json\/wp\/v2\/users\/2"}],"replies":[{"embeddable":true,"href":"https:\/\/www.nordicbridal.com\/sv\/wp-json\/wp\/v2\/comments?post=631"}],"version-history":[{"count":16,"href":"https:\/\/www.nordicbridal.com\/sv\/wp-json\/wp\/v2\/pages\/631\/revisions"}],"predecessor-version":[{"id":1612,"href":"https:\/\/www.nordicbridal.com\/sv\/wp-json\/wp\/v2\/pages\/631\/revisions\/1612"}],"wp:attachment":[{"href":"https:\/\/www.nordicbridal.com\/sv\/wp-json\/wp\/v2\/media?parent=631"}],"curies":[{"name":"wp","href":"https:\/\/api.w.org\/{rel}","templated":true}]}}